{"id":531,"date":"2026-03-16T15:41:16","date_gmt":"2026-03-16T14:41:16","guid":{"rendered":"https:\/\/actionmall.act.at\/shop\/0118\/?post_type=product&#038;p=531"},"modified":"2026-03-16T15:45:53","modified_gmt":"2026-03-16T14:45:53","slug":"suncharge-powerbank","status":"publish","type":"product","link":"https:\/\/actionmall.act.at\/shop\/0118\/en\/produkt\/suncharge-powerbank\/","title":{"rendered":"SunCharge Powerbank"},"content":{"rendered":"<p>Die SunCharge ist eine robuste Solar-Powerbank mit 10.000 mAh Kapazit\u00e4t.<br \/>\nPerfekt geeignet f\u00fcr Outdoor-Abenteuer, Schule, Reisen und Notf\u00e4lle.<\/p>\n","protected":false},"excerpt":{"rendered":"<p><strong>Eigenschaften:<\/strong><\/p>\n<ul>\n<li>Umweltfreundliche Energie durch Dual-Solarpanel<\/li>\n<li>Laden \u00fcber USB-C und Micro-USB<\/li>\n<li>Gleichzeitiges Laden von 2 Ger\u00e4ten<\/li>\n<li>LED-Ladestandanzeige<\/li>\n<li>Wasserspritzfest<\/li>\n<li>10.000 mAh Kapazit\u00e4t \u00e0 l\u00e4dt die meisten Smartphones 2\u20133-mal komplett auf<\/li>\n<\/ul>\n<p><strong>Farbe:<\/strong> Schwarz mit wei\u00dfer Schrift<\/p>\n","protected":false},"featured_media":533,"template":"","meta":[],"product_cat":[58],"product_tag":[],"class_list":{"0":"post-531","1":"product","2":"type-product","3":"status-publish","4":"has-post-thumbnail","6":"product_cat-it-und-elektronik","8":"first","9":"instock","10":"taxable","11":"shipping-taxable","12":"purchasable","13":"product-type-simple"},"_links":{"self":[{"href":"https:\/\/actionmall.act.at\/shop\/0118\/en\/wp-json\/wp\/v2\/product\/531"}],"collection":[{"href":"https:\/\/actionmall.act.at\/shop\/0118\/en\/wp-json\/wp\/v2\/product"}],"about":[{"href":"https:\/\/actionmall.act.at\/shop\/0118\/en\/wp-json\/wp\/v2\/types\/product"}],"wp:featuredmedia":[{"embeddable":true,"href":"https:\/\/actionmall.act.at\/shop\/0118\/en\/wp-json\/wp\/v2\/media\/533"}],"wp:attachment":[{"href":"https:\/\/actionmall.act.at\/shop\/0118\/en\/wp-json\/wp\/v2\/media?parent=531"}],"wp:term":[{"taxonomy":"product_cat","embeddable":true,"href":"https:\/\/actionmall.act.at\/shop\/0118\/en\/wp-json\/wp\/v2\/product_cat?post=531"},{"taxonomy":"product_tag","embeddable":true,"href":"https:\/\/actionmall.act.at\/shop\/0118\/en\/wp-json\/wp\/v2\/product_tag?post=531"}],"curies":[{"name":"wp","href":"https:\/\/api.w.org\/{rel}","templated":true}]}}