{"id":327,"date":"2024-11-25T14:29:08","date_gmt":"2024-11-25T13:29:08","guid":{"rendered":"https:\/\/actionmall.act.at\/shop\/0118\/?post_type=product&#038;p=327"},"modified":"2025-03-24T15:11:02","modified_gmt":"2025-03-24T14:11:02","slug":"powerbank","status":"publish","type":"product","link":"https:\/\/actionmall.act.at\/shop\/0118\/produkt\/powerbank\/","title":{"rendered":"Powerbank"},"content":{"rendered":"<p>10er-Set<\/p>\n<p>schwarze Hartplastikh\u00fclle<\/p>\n<p>2 Handys gleichzeitig aufladen<\/p>\n<p>hohe Kapazit\u00e4t<\/p>\n","protected":false},"excerpt":{"rendered":"<p>Powerbank mit schwarzer Hartplastikh\u00fclle und hoher Kapazit\u00e4t, l\u00e4dt zwei Handys gleichzeitig, 10er-Set<\/p>\n","protected":false},"featured_media":328,"template":"","meta":[],"product_cat":[],"product_tag":[],"class_list":{"0":"post-327","1":"product","2":"type-product","3":"status-publish","4":"has-post-thumbnail","7":"first","8":"instock","9":"taxable","10":"shipping-taxable","11":"purchasable","12":"product-type-simple"},"_links":{"self":[{"href":"https:\/\/actionmall.act.at\/shop\/0118\/wp-json\/wp\/v2\/product\/327"}],"collection":[{"href":"https:\/\/actionmall.act.at\/shop\/0118\/wp-json\/wp\/v2\/product"}],"about":[{"href":"https:\/\/actionmall.act.at\/shop\/0118\/wp-json\/wp\/v2\/types\/product"}],"wp:featuredmedia":[{"embeddable":true,"href":"https:\/\/actionmall.act.at\/shop\/0118\/wp-json\/wp\/v2\/media\/328"}],"wp:attachment":[{"href":"https:\/\/actionmall.act.at\/shop\/0118\/wp-json\/wp\/v2\/media?parent=327"}],"wp:term":[{"taxonomy":"product_cat","embeddable":true,"href":"https:\/\/actionmall.act.at\/shop\/0118\/wp-json\/wp\/v2\/product_cat?post=327"},{"taxonomy":"product_tag","embeddable":true,"href":"https:\/\/actionmall.act.at\/shop\/0118\/wp-json\/wp\/v2\/product_tag?post=327"}],"curies":[{"name":"wp","href":"https:\/\/api.w.org\/{rel}","templated":true}]}}