{"id":374,"date":"2024-12-09T14:42:35","date_gmt":"2024-12-09T13:42:35","guid":{"rendered":"https:\/\/actionmall.act.at\/shop\/0118\/?post_type=product&#038;p=374"},"modified":"2025-06-02T14:52:17","modified_gmt":"2025-06-02T12:52:17","slug":"ecowarm","status":"publish","type":"product","link":"https:\/\/actionmall.act.at\/shop\/0118\/produkt\/ecowarm\/","title":{"rendered":"EcoWarm"},"content":{"rendered":"<p>Der umweltfreundliche und nachhaltige Handw\u00e4rmer bietet langanhaltende W\u00e4rme und erm\u00f6glicht eine individuelle W\u00e4rmeeinstellung.<\/p>\n","protected":false},"excerpt":{"rendered":"<ul>\n<li>umweltfreundlicher &#038; nachhaltiger Handw\u00e4rmer<\/li>\n<li>Langanhaltende W\u00e4rme<\/li>\n<li>Individuelle W\u00e4rmeeinstellung<\/li>\n<\/ul>\n","protected":false},"featured_media":376,"template":"","meta":[],"product_cat":[],"product_tag":[],"class_list":{"0":"post-374","1":"product","2":"type-product","3":"status-publish","4":"has-post-thumbnail","7":"first","8":"instock","9":"taxable","10":"shipping-taxable","11":"purchasable","12":"product-type-simple"},"_links":{"self":[{"href":"https:\/\/actionmall.act.at\/shop\/0118\/wp-json\/wp\/v2\/product\/374"}],"collection":[{"href":"https:\/\/actionmall.act.at\/shop\/0118\/wp-json\/wp\/v2\/product"}],"about":[{"href":"https:\/\/actionmall.act.at\/shop\/0118\/wp-json\/wp\/v2\/types\/product"}],"wp:featuredmedia":[{"embeddable":true,"href":"https:\/\/actionmall.act.at\/shop\/0118\/wp-json\/wp\/v2\/media\/376"}],"wp:attachment":[{"href":"https:\/\/actionmall.act.at\/shop\/0118\/wp-json\/wp\/v2\/media?parent=374"}],"wp:term":[{"taxonomy":"product_cat","embeddable":true,"href":"https:\/\/actionmall.act.at\/shop\/0118\/wp-json\/wp\/v2\/product_cat?post=374"},{"taxonomy":"product_tag","embeddable":true,"href":"https:\/\/actionmall.act.at\/shop\/0118\/wp-json\/wp\/v2\/product_tag?post=374"}],"curies":[{"name":"wp","href":"https:\/\/api.w.org\/{rel}","templated":true}]}}