{"id":260,"date":"2026-04-08T13:13:28","date_gmt":"2026-04-08T11:13:28","guid":{"rendered":"https:\/\/actionmall.act.at\/shop\/1010\/?post_type=product&#038;p=260"},"modified":"2026-04-08T13:13:28","modified_gmt":"2026-04-08T11:13:28","slug":"volleyball","status":"publish","type":"product","link":"https:\/\/actionmall.act.at\/shop\/1010\/produkt\/volleyball\/","title":{"rendered":"Volleyball"},"content":{"rendered":"<blockquote><p>\ud83c\udfd0 <strong>Volleyball, Spa\u00df pur f\u00fcr den Sommer<\/strong><\/p><\/blockquote>\n<p>Dieser Volleyball ist leicht, robust und perfekt f\u00fcr Spiele im Freien. Egal ob am Strand, im Park oder im Garten \u2013 er sorgt sofort f\u00fcr Bewegung und gute Laune.<\/p>\n<p>Durch sein angenehmes Gewicht l\u00e4sst er sich leicht spielen und ist ideal f\u00fcr Anf\u00e4nger und Fortgeschrittene. Perfekt f\u00fcr Matches mit Freunden oder einfach zum lockeren Hin- und Herpassen.<\/p>\n<p>\ud83d\udc49 <strong>Kurz gesagt:<\/strong> Ein Ball, der jeden Sommertag ein bisschen besser macht \u2600\ufe0f\ud83c\udfd0<\/p>\n","protected":false},"excerpt":{"rendered":"<p>Volleyball, gelb blau wei\u00df, Softball, 65 cm umfang<\/p>\n","protected":false},"featured_media":261,"template":"","meta":[],"product_cat":[45],"product_tag":[],"class_list":{"0":"post-260","1":"product","2":"type-product","3":"status-publish","4":"has-post-thumbnail","6":"product_cat-sport-veranstaltungen-hobbies","8":"first","9":"instock","10":"sale","11":"taxable","12":"shipping-taxable","13":"purchasable","14":"product-type-simple"},"_links":{"self":[{"href":"https:\/\/actionmall.act.at\/shop\/1010\/wp-json\/wp\/v2\/product\/260"}],"collection":[{"href":"https:\/\/actionmall.act.at\/shop\/1010\/wp-json\/wp\/v2\/product"}],"about":[{"href":"https:\/\/actionmall.act.at\/shop\/1010\/wp-json\/wp\/v2\/types\/product"}],"wp:featuredmedia":[{"embeddable":true,"href":"https:\/\/actionmall.act.at\/shop\/1010\/wp-json\/wp\/v2\/media\/261"}],"wp:attachment":[{"href":"https:\/\/actionmall.act.at\/shop\/1010\/wp-json\/wp\/v2\/media?parent=260"}],"wp:term":[{"taxonomy":"product_cat","embeddable":true,"href":"https:\/\/actionmall.act.at\/shop\/1010\/wp-json\/wp\/v2\/product_cat?post=260"},{"taxonomy":"product_tag","embeddable":true,"href":"https:\/\/actionmall.act.at\/shop\/1010\/wp-json\/wp\/v2\/product_tag?post=260"}],"curies":[{"name":"wp","href":"https:\/\/api.w.org\/{rel}","templated":true}]}}