{"id":277,"date":"2026-05-08T15:06:34","date_gmt":"2026-05-08T13:06:34","guid":{"rendered":"https:\/\/actionmall.act.at\/shop\/1115\/?post_type=product&#038;p=277"},"modified":"2026-05-08T15:06:34","modified_gmt":"2026-05-08T13:06:34","slug":"kleiderschrank-konrad","status":"publish","type":"product","link":"https:\/\/actionmall.act.at\/shop\/1115\/en\/produkt\/kleiderschrank-konrad\/","title":{"rendered":"Kleiderschrank Konrad"},"content":{"rendered":"<p>Gro\u00dfer Kleiderschrank mit mehreren F\u00e4chern, Kleiderstangen und integrierten<br \/>\nSchubladen. Inklusive wei\u00dfem LED-Licht, das den Innenraum modern ausleuchtet.<br \/>\nErh\u00e4ltlich in: Wei\u00df, Schwarz, Dunkelbraun, Braun, Hellbraun, Beige<br \/>\nDesign: Matte oder gl\u00e4nzende Oberfl\u00e4chen auf Wunsch m\u00f6glich.<\/p>\n<p>Ma\u00dfe: Gesamtma\u00df: 250 \u00d7 220 \u00d7 60 cm<br \/>\nInnenaufteilung: Kleiderstangen-F\u00e4cher (3\u00d7): 75 \u00d7 120 \u00d7 55 cm, F\u00e4cher<br \/>\nseitlich\/mittig: 75 \u00d7 30 \u00d7 55 cm<br \/>\n2 Gr\u00f6\u00dfe je Schublade: 70 \u00d7 20 \u00d7 50 cm, Volumen je Schublade: ca. 70 L<\/p>\n","protected":false},"excerpt":{"rendered":"<p>Gro\u00dfer Kleiderschrank mit mehreren F\u00e4chern, Kleiderstangen und integrierten Schubladen. Inklusive wei\u00dfem LED-Licht, das den Innenraum modern ausleuchtet. Erh\u00e4ltlich in: Wei\u00df, Schwarz, Dunkelbraun, Braun, Hellbraun, Beige Design: Matte oder gl\u00e4nzende Oberfl\u00e4chen auf Wunsch m\u00f6glich. Ma\u00dfe: Gesamtma\u00df: 250 \u00d7 220 \u00d7 60 cm Innenaufteilung: Kleiderstangen-F\u00e4cher (3\u00d7): 75 \u00d7 120 \u00d7 55 cm, F\u00e4cher seitlich\/mittig: 75 \u00d7 30 [&hellip;]<\/p>\n","protected":false},"featured_media":0,"template":"","meta":[],"product_cat":[42,47],"product_tag":[],"class_list":{"0":"post-277","1":"product","2":"type-product","3":"status-publish","5":"product_cat-immobilien-heim-und-garten","6":"product_cat-buero-und-bueroeinrichtung","8":"first","9":"instock","10":"taxable","11":"shipping-taxable","12":"purchasable","13":"product-type-simple"},"_links":{"self":[{"href":"https:\/\/actionmall.act.at\/shop\/1115\/en\/wp-json\/wp\/v2\/product\/277"}],"collection":[{"href":"https:\/\/actionmall.act.at\/shop\/1115\/en\/wp-json\/wp\/v2\/product"}],"about":[{"href":"https:\/\/actionmall.act.at\/shop\/1115\/en\/wp-json\/wp\/v2\/types\/product"}],"wp:attachment":[{"href":"https:\/\/actionmall.act.at\/shop\/1115\/en\/wp-json\/wp\/v2\/media?parent=277"}],"wp:term":[{"taxonomy":"product_cat","embeddable":true,"href":"https:\/\/actionmall.act.at\/shop\/1115\/en\/wp-json\/wp\/v2\/product_cat?post=277"},{"taxonomy":"product_tag","embeddable":true,"href":"https:\/\/actionmall.act.at\/shop\/1115\/en\/wp-json\/wp\/v2\/product_tag?post=277"}],"curies":[{"name":"wp","href":"https:\/\/api.w.org\/{rel}","templated":true}]}}