{"id":279,"date":"2026-05-08T15:08:25","date_gmt":"2026-05-08T13:08:25","guid":{"rendered":"https:\/\/actionmall.act.at\/shop\/1115\/?post_type=product&#038;p=279"},"modified":"2026-05-08T15:08:25","modified_gmt":"2026-05-08T13:08:25","slug":"schreibtisch-sascha","status":"publish","type":"product","link":"https:\/\/actionmall.act.at\/shop\/1115\/en\/produkt\/schreibtisch-sascha\/","title":{"rendered":"Schreibtisch Sascha"},"content":{"rendered":"<p>Stabiler Schreibtisch mit elektrischem H\u00f6henverstell-System f\u00fcr ergonomisches<br \/>\nArbeiten im Sitzen und Stehen. Inklusive Schubladen f\u00fcr ordentliches Verstauen von<br \/>\nB\u00fcromaterial. In mehreren Farben verf\u00fcgbar, ideal f\u00fcr Homeoffice oder B\u00fcro.<br \/>\nMa\u00dfe: Tischplatte: 140 \u00d7 70 cm, H\u00f6he verstellbar: 72\u2013120 cm<br \/>\nSchublade: Gr\u00f6\u00dfe: 45 \u00d7 6 \u00d7 28 cm, Volumen: ca. 7 L<\/p>\n","protected":false},"excerpt":{"rendered":"<p>Stabiler Schreibtisch mit elektrischem H\u00f6henverstell-System f\u00fcr ergonomisches Arbeiten im Sitzen und Stehen. Inklusive Schubladen f\u00fcr ordentliches Verstauen von B\u00fcromaterial. In mehreren Farben verf\u00fcgbar, ideal f\u00fcr Homeoffice oder B\u00fcro. Ma\u00dfe: Tischplatte: 140 \u00d7 70 cm, H\u00f6he verstellbar: 72\u2013120 cm Schublade: Gr\u00f6\u00dfe: 45 \u00d7 6 \u00d7 28 cm, Volumen: ca. 7 L<\/p>\n","protected":false},"featured_media":0,"template":"","meta":[],"product_cat":[47],"product_tag":[],"class_list":{"0":"post-279","1":"product","2":"type-product","3":"status-publish","5":"product_cat-buero-und-bueroeinrichtung","7":"first","8":"instock","9":"taxable","10":"shipping-taxable","11":"purchasable","12":"product-type-simple"},"_links":{"self":[{"href":"https:\/\/actionmall.act.at\/shop\/1115\/en\/wp-json\/wp\/v2\/product\/279"}],"collection":[{"href":"https:\/\/actionmall.act.at\/shop\/1115\/en\/wp-json\/wp\/v2\/product"}],"about":[{"href":"https:\/\/actionmall.act.at\/shop\/1115\/en\/wp-json\/wp\/v2\/types\/product"}],"wp:attachment":[{"href":"https:\/\/actionmall.act.at\/shop\/1115\/en\/wp-json\/wp\/v2\/media?parent=279"}],"wp:term":[{"taxonomy":"product_cat","embeddable":true,"href":"https:\/\/actionmall.act.at\/shop\/1115\/en\/wp-json\/wp\/v2\/product_cat?post=279"},{"taxonomy":"product_tag","embeddable":true,"href":"https:\/\/actionmall.act.at\/shop\/1115\/en\/wp-json\/wp\/v2\/product_tag?post=279"}],"curies":[{"name":"wp","href":"https:\/\/api.w.org\/{rel}","templated":true}]}}