{"id":287,"date":"2026-05-08T15:16:41","date_gmt":"2026-05-08T13:16:41","guid":{"rendered":"https:\/\/actionmall.act.at\/shop\/1115\/?post_type=product&#038;p=287"},"modified":"2026-05-08T15:16:41","modified_gmt":"2026-05-08T13:16:41","slug":"barhocker-berni","status":"publish","type":"product","link":"https:\/\/actionmall.act.at\/shop\/1115\/en\/produkt\/barhocker-berni\/","title":{"rendered":"Barhocker Berni"},"content":{"rendered":"<p>Hochwertig gepolsterte Barhocker mit stabilem Gestell, ideal f\u00fcr K\u00fccheninseln und<br \/>\nBars. Besonders edel durch hochwertige Stoff- oder Kunstlederbez\u00fcge.In eleganten<br \/>\nFarben wie Weinrot, Dunkelbraun und Schwarz erh\u00e4ltlich.<br \/>\nMa\u00dfe: Gesamt: 49 \u00d7 95 \u00d7 54 cm<br \/>\nMa\u00dfe: Sitzfl\u00e4che: 45 \u00d7 72 \u00d7 44 cm<\/p>\n","protected":false},"excerpt":{"rendered":"<p>Hochwertig gepolsterte Barhocker mit stabilem Gestell, ideal f\u00fcr K\u00fccheninseln und Bars. Besonders edel durch hochwertige Stoff- oder Kunstlederbez\u00fcge.In eleganten Farben wie Weinrot, Dunkelbraun und Schwarz erh\u00e4ltlich. Ma\u00dfe: Gesamt: 49 \u00d7 95 \u00d7 54 cm Ma\u00dfe: Sitzfl\u00e4che: 45 \u00d7 72 \u00d7 44 cm<\/p>\n","protected":false},"featured_media":0,"template":"","meta":[],"product_cat":[34],"product_tag":[],"class_list":{"0":"post-287","1":"product","2":"type-product","3":"status-publish","5":"product_cat-autos-und-fahrzeuge","7":"first","8":"instock","9":"taxable","10":"shipping-taxable","11":"purchasable","12":"product-type-simple"},"_links":{"self":[{"href":"https:\/\/actionmall.act.at\/shop\/1115\/en\/wp-json\/wp\/v2\/product\/287"}],"collection":[{"href":"https:\/\/actionmall.act.at\/shop\/1115\/en\/wp-json\/wp\/v2\/product"}],"about":[{"href":"https:\/\/actionmall.act.at\/shop\/1115\/en\/wp-json\/wp\/v2\/types\/product"}],"wp:attachment":[{"href":"https:\/\/actionmall.act.at\/shop\/1115\/en\/wp-json\/wp\/v2\/media?parent=287"}],"wp:term":[{"taxonomy":"product_cat","embeddable":true,"href":"https:\/\/actionmall.act.at\/shop\/1115\/en\/wp-json\/wp\/v2\/product_cat?post=287"},{"taxonomy":"product_tag","embeddable":true,"href":"https:\/\/actionmall.act.at\/shop\/1115\/en\/wp-json\/wp\/v2\/product_tag?post=287"}],"curies":[{"name":"wp","href":"https:\/\/api.w.org\/{rel}","templated":true}]}}