{"id":276,"date":"2026-05-08T14:57:13","date_gmt":"2026-05-08T12:57:13","guid":{"rendered":"https:\/\/actionmall.act.at\/shop\/1115\/?post_type=product&#038;p=276"},"modified":"2026-05-08T14:57:13","modified_gmt":"2026-05-08T12:57:13","slug":"bett-berta","status":"publish","type":"product","link":"https:\/\/actionmall.act.at\/shop\/1115\/produkt\/bett-berta\/","title":{"rendered":"Bett Berta"},"content":{"rendered":"<p>Ein funktionales Stauraumbett mit integrierten Schubladen sowie zus\u00e4tzlichem Fach<br \/>\nunter der Matratze \u2013 perfekt f\u00fcr Bettw\u00e4sche, Kleidung oder saisonale Artikel.<\/p>\n<p>Ma\u00dfe: Gesamtma\u00df: 170 \u00d7 105 \u00d7 215 cm, Liegefl\u00e4che: 160 \u00d7 200 cm<br \/>\n2 Gr\u00f6\u00dfe je Schublade: 75 \u00d7 25 \u00d7 60 cm, Volumen je Schublade: ca. 110 L<br \/>\nStauraum: Fachgr\u00f6\u00dfe: 155 \u00d7 25 \u00d7 195 cm, Volumen: ca. 750 L<\/p>\n","protected":false},"excerpt":{"rendered":"<p>Ein funktionales Stauraumbett mit integrierten Schubladen sowie zus\u00e4tzlichem Fach unter der Matratze \u2013 perfekt f\u00fcr Bettw\u00e4sche, Kleidung oder saisonale Artikel. Ma\u00dfe: Gesamtma\u00df: 170 \u00d7 105 \u00d7 215 cm, Liegefl\u00e4che: 160 \u00d7 200 cm 2 Gr\u00f6\u00dfe je Schublade: 75 \u00d7 25 \u00d7 60 cm, Volumen je Schublade: ca. 110 L Stauraum: Fachgr\u00f6\u00dfe: 155 \u00d7 25 \u00d7 [&hellip;]<\/p>\n","protected":false},"featured_media":0,"template":"","meta":[],"product_cat":[42],"product_tag":[],"class_list":{"0":"post-276","1":"product","2":"type-product","3":"status-publish","5":"product_cat-immobilien-heim-und-garten","7":"first","8":"instock","9":"taxable","10":"shipping-taxable","11":"purchasable","12":"product-type-simple"},"_links":{"self":[{"href":"https:\/\/actionmall.act.at\/shop\/1115\/wp-json\/wp\/v2\/product\/276"}],"collection":[{"href":"https:\/\/actionmall.act.at\/shop\/1115\/wp-json\/wp\/v2\/product"}],"about":[{"href":"https:\/\/actionmall.act.at\/shop\/1115\/wp-json\/wp\/v2\/types\/product"}],"wp:attachment":[{"href":"https:\/\/actionmall.act.at\/shop\/1115\/wp-json\/wp\/v2\/media?parent=276"}],"wp:term":[{"taxonomy":"product_cat","embeddable":true,"href":"https:\/\/actionmall.act.at\/shop\/1115\/wp-json\/wp\/v2\/product_cat?post=276"},{"taxonomy":"product_tag","embeddable":true,"href":"https:\/\/actionmall.act.at\/shop\/1115\/wp-json\/wp\/v2\/product_tag?post=276"}],"curies":[{"name":"wp","href":"https:\/\/api.w.org\/{rel}","templated":true}]}}