{"id":282,"date":"2026-05-08T15:11:46","date_gmt":"2026-05-08T13:11:46","guid":{"rendered":"https:\/\/actionmall.act.at\/shop\/1115\/?post_type=product&#038;p=282"},"modified":"2026-05-08T15:11:47","modified_gmt":"2026-05-08T13:11:47","slug":"nachttisch-nadine","status":"publish","type":"product","link":"https:\/\/actionmall.act.at\/shop\/1115\/produkt\/nachttisch-nadine\/","title":{"rendered":"Nachttisch Nadine"},"content":{"rendered":"<p>Moderner Nachttisch mit integrierter kabelloser Ladefl\u00e4che f\u00fcr Smartphones sowie<br \/>\nzus\u00e4tzlichem USB-Port. Mit praktischem Stauraum durch Schubladen oder offene<br \/>\nF\u00e4cher. Erh\u00e4ltlich in verschiedenen Farben, passend zu jedem Schlafzimmerdesign.<br \/>\nMa\u00dfe: Gesamt: 45 \u00d7 52 \u00d7 40 cm<br \/>\nMa\u00dfe: Offenes Fach: 42 \u00d7 12 \u00d7 38 cm, Volumen: 19 L<br \/>\nMa\u00dfe: Schublade: 39 \u00d7 14 \u00d7 34 cm, Volumen: 18,5 L<\/p>\n","protected":false},"excerpt":{"rendered":"<p>Moderner Nachttisch mit integrierter kabelloser Ladefl\u00e4che f\u00fcr Smartphones sowie zus\u00e4tzlichem USB-Port. Mit praktischem Stauraum durch Schubladen oder offene F\u00e4cher. Erh\u00e4ltlich in verschiedenen Farben, passend zu jedem Schlafzimmerdesign. Ma\u00dfe: Gesamt: 45 \u00d7 52 \u00d7 40 cm Ma\u00dfe: Offenes Fach: 42 \u00d7 12 \u00d7 38 cm, Volumen: 19 L Ma\u00dfe: Schublade: 39 \u00d7 14 \u00d7 34 cm, [&hellip;]<\/p>\n","protected":false},"featured_media":0,"template":"","meta":[],"product_cat":[42,47],"product_tag":[],"class_list":{"0":"post-282","1":"product","2":"type-product","3":"status-publish","5":"product_cat-immobilien-heim-und-garten","6":"product_cat-buero-und-bueroeinrichtung","8":"first","9":"instock","10":"taxable","11":"shipping-taxable","12":"purchasable","13":"product-type-simple"},"_links":{"self":[{"href":"https:\/\/actionmall.act.at\/shop\/1115\/wp-json\/wp\/v2\/product\/282"}],"collection":[{"href":"https:\/\/actionmall.act.at\/shop\/1115\/wp-json\/wp\/v2\/product"}],"about":[{"href":"https:\/\/actionmall.act.at\/shop\/1115\/wp-json\/wp\/v2\/types\/product"}],"wp:attachment":[{"href":"https:\/\/actionmall.act.at\/shop\/1115\/wp-json\/wp\/v2\/media?parent=282"}],"wp:term":[{"taxonomy":"product_cat","embeddable":true,"href":"https:\/\/actionmall.act.at\/shop\/1115\/wp-json\/wp\/v2\/product_cat?post=282"},{"taxonomy":"product_tag","embeddable":true,"href":"https:\/\/actionmall.act.at\/shop\/1115\/wp-json\/wp\/v2\/product_tag?post=282"}],"curies":[{"name":"wp","href":"https:\/\/api.w.org\/{rel}","templated":true}]}}