{"id":283,"date":"2026-05-08T15:12:44","date_gmt":"2026-05-08T13:12:44","guid":{"rendered":"https:\/\/actionmall.act.at\/shop\/1115\/?post_type=product&#038;p=283"},"modified":"2026-05-08T15:12:44","modified_gmt":"2026-05-08T13:12:44","slug":"buerostuhl-babsi","status":"publish","type":"product","link":"https:\/\/actionmall.act.at\/shop\/1115\/produkt\/buerostuhl-babsi\/","title":{"rendered":"B\u00fcrostuhl Babsi"},"content":{"rendered":"<p>Bequeme und ergonomische B\u00fcrost\u00fchle mit integrierter Massagefunktion f\u00fcr R\u00fccken<br \/>\nund Lendenbereich. H\u00f6henverstellbar, drehbar und extra weich gepolstert.<br \/>\nErh\u00e4ltlich in Wei\u00df, Schwarz und Grau \u2013 stilvoll und modern.<br \/>\nMa\u00dfe: Gesamt: 65 \u00d7 110\u2013120 \u00d7 68 cm<br \/>\nMa\u00dfe: Sitzfl\u00e4che: 52 \u00d7 45\u201355 \u00d7 50 cm<br \/>\nMa\u00dfe: R\u00fcckenlehne: 52 \u00d7 70 cm<\/p>\n","protected":false},"excerpt":{"rendered":"<p>Bequeme und ergonomische B\u00fcrost\u00fchle mit integrierter Massagefunktion f\u00fcr R\u00fccken und Lendenbereich. H\u00f6henverstellbar, drehbar und extra weich gepolstert. Erh\u00e4ltlich in Wei\u00df, Schwarz und Grau \u2013 stilvoll und modern. Ma\u00dfe: Gesamt: 65 \u00d7 110\u2013120 \u00d7 68 cm Ma\u00dfe: Sitzfl\u00e4che: 52 \u00d7 45\u201355 \u00d7 50 cm Ma\u00dfe: R\u00fcckenlehne: 52 \u00d7 70 cm<\/p>\n","protected":false},"featured_media":0,"template":"","meta":[],"product_cat":[47],"product_tag":[],"class_list":{"0":"post-283","1":"product","2":"type-product","3":"status-publish","5":"product_cat-buero-und-bueroeinrichtung","7":"first","8":"instock","9":"taxable","10":"shipping-taxable","11":"purchasable","12":"product-type-simple"},"_links":{"self":[{"href":"https:\/\/actionmall.act.at\/shop\/1115\/wp-json\/wp\/v2\/product\/283"}],"collection":[{"href":"https:\/\/actionmall.act.at\/shop\/1115\/wp-json\/wp\/v2\/product"}],"about":[{"href":"https:\/\/actionmall.act.at\/shop\/1115\/wp-json\/wp\/v2\/types\/product"}],"wp:attachment":[{"href":"https:\/\/actionmall.act.at\/shop\/1115\/wp-json\/wp\/v2\/media?parent=283"}],"wp:term":[{"taxonomy":"product_cat","embeddable":true,"href":"https:\/\/actionmall.act.at\/shop\/1115\/wp-json\/wp\/v2\/product_cat?post=283"},{"taxonomy":"product_tag","embeddable":true,"href":"https:\/\/actionmall.act.at\/shop\/1115\/wp-json\/wp\/v2\/product_tag?post=283"}],"curies":[{"name":"wp","href":"https:\/\/api.w.org\/{rel}","templated":true}]}}