{"id":284,"date":"2026-05-08T15:13:45","date_gmt":"2026-05-08T13:13:45","guid":{"rendered":"https:\/\/actionmall.act.at\/shop\/1115\/?post_type=product&#038;p=284"},"modified":"2026-05-08T15:13:45","modified_gmt":"2026-05-08T13:13:45","slug":"buecherregal-baily","status":"publish","type":"product","link":"https:\/\/actionmall.act.at\/shop\/1115\/produkt\/buecherregal-baily\/","title":{"rendered":"B\u00fccherregal Baily"},"content":{"rendered":"<p>Vielseitiges B\u00fccherregal mit robusten B\u00f6den, ideal f\u00fcr B\u00fccher, Deko oder<br \/>\nAufbewahrungsboxen. W\u00e4hlbar in unterschiedlichen Gr\u00f6\u00dfen.<br \/>\nIn vielen Farben erh\u00e4ltlich, um sich perfekt in jeden Wohnraum einzuf\u00fcgen.<br \/>\nMa\u00dfe: Gesamt: 80 \u00d7 180 \u00d7 28 cm<br \/>\nMa\u00dfe: F\u00e4cher (5\u00d7): 76 \u00d7 33 \u00d7 27 cm, Volumen pro Fach: 67,5 L<br \/>\nGesamtvolumen: 337 L<\/p>\n","protected":false},"excerpt":{"rendered":"<p>Vielseitiges B\u00fccherregal mit robusten B\u00f6den, ideal f\u00fcr B\u00fccher, Deko oder Aufbewahrungsboxen. W\u00e4hlbar in unterschiedlichen Gr\u00f6\u00dfen. In vielen Farben erh\u00e4ltlich, um sich perfekt in jeden Wohnraum einzuf\u00fcgen. Ma\u00dfe: Gesamt: 80 \u00d7 180 \u00d7 28 cm Ma\u00dfe: F\u00e4cher (5\u00d7): 76 \u00d7 33 \u00d7 27 cm, Volumen pro Fach: 67,5 L Gesamtvolumen: 337 L<\/p>\n","protected":false},"featured_media":0,"template":"","meta":[],"product_cat":[34],"product_tag":[],"class_list":{"0":"post-284","1":"product","2":"type-product","3":"status-publish","5":"product_cat-autos-und-fahrzeuge","7":"first","8":"instock","9":"taxable","10":"shipping-taxable","11":"purchasable","12":"product-type-simple"},"_links":{"self":[{"href":"https:\/\/actionmall.act.at\/shop\/1115\/wp-json\/wp\/v2\/product\/284"}],"collection":[{"href":"https:\/\/actionmall.act.at\/shop\/1115\/wp-json\/wp\/v2\/product"}],"about":[{"href":"https:\/\/actionmall.act.at\/shop\/1115\/wp-json\/wp\/v2\/types\/product"}],"wp:attachment":[{"href":"https:\/\/actionmall.act.at\/shop\/1115\/wp-json\/wp\/v2\/media?parent=284"}],"wp:term":[{"taxonomy":"product_cat","embeddable":true,"href":"https:\/\/actionmall.act.at\/shop\/1115\/wp-json\/wp\/v2\/product_cat?post=284"},{"taxonomy":"product_tag","embeddable":true,"href":"https:\/\/actionmall.act.at\/shop\/1115\/wp-json\/wp\/v2\/product_tag?post=284"}],"curies":[{"name":"wp","href":"https:\/\/api.w.org\/{rel}","templated":true}]}}