{"id":285,"date":"2026-05-08T15:14:38","date_gmt":"2026-05-08T13:14:38","guid":{"rendered":"https:\/\/actionmall.act.at\/shop\/1115\/?post_type=product&#038;p=285"},"modified":"2026-05-08T15:14:39","modified_gmt":"2026-05-08T13:14:39","slug":"couchtisch-cinderella","status":"publish","type":"product","link":"https:\/\/actionmall.act.at\/shop\/1115\/produkt\/couchtisch-cinderella\/","title":{"rendered":"Couchtisch Cinderella"},"content":{"rendered":"<p>Eleganter Couchtisch in modernem oder klassischem Design, je nach Modell. Nutzbar<br \/>\nmit Glasplatte, Holzoptik oder Metallgestell. In verschiedenen Farben und Formen<br \/>\nverf\u00fcgbar \u2013 rund, eckig oder oval.<br \/>\nMa\u00dfe: Gesamt: 100 \u00d7 42 \u00d7 55 cm<\/p>\n","protected":false},"excerpt":{"rendered":"<p>Eleganter Couchtisch in modernem oder klassischem Design, je nach Modell. Nutzbar mit Glasplatte, Holzoptik oder Metallgestell. In verschiedenen Farben und Formen verf\u00fcgbar \u2013 rund, eckig oder oval. Ma\u00dfe: Gesamt: 100 \u00d7 42 \u00d7 55 cm<\/p>\n","protected":false},"featured_media":0,"template":"","meta":[],"product_cat":[42,47],"product_tag":[],"class_list":{"0":"post-285","1":"product","2":"type-product","3":"status-publish","5":"product_cat-immobilien-heim-und-garten","6":"product_cat-buero-und-bueroeinrichtung","8":"first","9":"instock","10":"taxable","11":"shipping-taxable","12":"purchasable","13":"product-type-simple"},"_links":{"self":[{"href":"https:\/\/actionmall.act.at\/shop\/1115\/wp-json\/wp\/v2\/product\/285"}],"collection":[{"href":"https:\/\/actionmall.act.at\/shop\/1115\/wp-json\/wp\/v2\/product"}],"about":[{"href":"https:\/\/actionmall.act.at\/shop\/1115\/wp-json\/wp\/v2\/types\/product"}],"wp:attachment":[{"href":"https:\/\/actionmall.act.at\/shop\/1115\/wp-json\/wp\/v2\/media?parent=285"}],"wp:term":[{"taxonomy":"product_cat","embeddable":true,"href":"https:\/\/actionmall.act.at\/shop\/1115\/wp-json\/wp\/v2\/product_cat?post=285"},{"taxonomy":"product_tag","embeddable":true,"href":"https:\/\/actionmall.act.at\/shop\/1115\/wp-json\/wp\/v2\/product_tag?post=285"}],"curies":[{"name":"wp","href":"https:\/\/api.w.org\/{rel}","templated":true}]}}