{"id":320,"date":"2026-04-23T14:25:04","date_gmt":"2026-04-23T12:25:04","guid":{"rendered":"https:\/\/actionmall.act.at\/shop\/1135\/?post_type=product&#038;p=320"},"modified":"2026-04-23T14:48:36","modified_gmt":"2026-04-23T12:48:36","slug":"black-swan-drucker","status":"publish","type":"product","link":"https:\/\/actionmall.act.at\/shop\/1135\/en\/produkt\/black-swan-drucker\/","title":{"rendered":"Black Swan Drucker"},"content":{"rendered":"<p>Der kompakte und flexible Fotodrucker f\u00fcr Fotoprints, dank WLAN (Wi-Fi) und AirPrint Unterst\u00fctzung ist er f\u00fcr den Direktdruck von Smartphones und kompatiblen Digitalkameras ideal.<\/p>\n<ul>\n<li>Aufl\u00f6sung 300 x 300 dpi mit Schutzschicht<\/li>\n<li>256 Farbstufen<\/li>\n<li>Unterst\u00fctzte Speicherkarte: SD, SDHC, SDXC, USB-Speicher Stick<\/li>\n<li>Bridge kompatibel (via USB und WLAN)<\/li>\n<li>Druckgeschwindigkeit: ca. 47 Sek<\/li>\n<li>Fotoma\u00dfe: 17,5 x 12,5 x 6 cm<\/li>\n<li>Artikelgewicht: 821 Gramm<\/li>\n<li>Beinhaltet eine Schutzh\u00fclle<\/li>\n<\/ul>\n<p>&nbsp;<\/p>\n<p>&nbsp;<\/p>\n","protected":false},"excerpt":{"rendered":"<p>Der kompakte und flexible Fotodrucker f\u00fcr Fotoprints, dank WLAN (Wi-Fi) und AirPrint Unterst\u00fctzung ist er f\u00fcr den Direktdruck von Smartphones und kompatiblen Digitalkameras ideal. Aufl\u00f6sung 300 x 300 dpi mit Schutzschicht 256 Farbstufen Unterst\u00fctzte Speicherkarte: SD, SDHC, SDXC, USB-Speicher Stick Bridge kompatibel (via USB und WLAN) Druckgeschwindigkeit: ca. 47 Sek Fotoma\u00dfe: 17,5 x 12,5 x [&hellip;]<\/p>\n","protected":false},"featured_media":321,"template":"","meta":[],"product_cat":[58],"product_tag":[],"class_list":{"0":"post-320","1":"product","2":"type-product","3":"status-publish","4":"has-post-thumbnail","6":"product_cat-it-und-elektronik","8":"first","9":"instock","10":"taxable","11":"shipping-taxable","12":"purchasable","13":"product-type-simple"},"_links":{"self":[{"href":"https:\/\/actionmall.act.at\/shop\/1135\/en\/wp-json\/wp\/v2\/product\/320"}],"collection":[{"href":"https:\/\/actionmall.act.at\/shop\/1135\/en\/wp-json\/wp\/v2\/product"}],"about":[{"href":"https:\/\/actionmall.act.at\/shop\/1135\/en\/wp-json\/wp\/v2\/types\/product"}],"wp:featuredmedia":[{"embeddable":true,"href":"https:\/\/actionmall.act.at\/shop\/1135\/en\/wp-json\/wp\/v2\/media\/321"}],"wp:attachment":[{"href":"https:\/\/actionmall.act.at\/shop\/1135\/en\/wp-json\/wp\/v2\/media?parent=320"}],"wp:term":[{"taxonomy":"product_cat","embeddable":true,"href":"https:\/\/actionmall.act.at\/shop\/1135\/en\/wp-json\/wp\/v2\/product_cat?post=320"},{"taxonomy":"product_tag","embeddable":true,"href":"https:\/\/actionmall.act.at\/shop\/1135\/en\/wp-json\/wp\/v2\/product_tag?post=320"}],"curies":[{"name":"wp","href":"https:\/\/api.w.org\/{rel}","templated":true}]}}