{"id":347,"date":"2026-04-30T08:24:22","date_gmt":"2026-04-30T06:24:22","guid":{"rendered":"https:\/\/actionmall.act.at\/shop\/1135\/?post_type=product&#038;p=347"},"modified":"2026-04-30T08:24:22","modified_gmt":"2026-04-30T06:24:22","slug":"praktische-reisetasche","status":"publish","type":"product","link":"https:\/\/actionmall.act.at\/shop\/1135\/en\/produkt\/praktische-reisetasche\/","title":{"rendered":"Praktische Reisetasche"},"content":{"rendered":"<div class=\"x_elementToProof\">Diese vielseitige Tasche verf\u00fcgt \u00fcber faltbare F\u00e4cher und praktische Zipper. Sie eignet sich hervorragend f\u00fcr Unternehmen, die ihre Werbung platzieren m\u00f6chten, oder als Geschenk f\u00fcr spezielle Anl\u00e4sse. Ideal f\u00fcr den t\u00e4glichen Gebrauch sowie f\u00fcr Reisen &#8211; einfach aufzuh\u00e4ngen und platzsparend zu verstauen.<\/div>\n<div id=\"x_x_x_Signature\" class=\"x_elementToProof\">\n<div class=\"x_elementToProof\"><\/div>\n<\/div>\n","protected":false},"excerpt":{"rendered":"<p>Diese vielseitige Tasche verf\u00fcgt \u00fcber faltbare F\u00e4cher und praktische Zipper. Sie eignet sich hervorragend f\u00fcr Unternehmen, die ihre Werbung platzieren m\u00f6chten, oder als Geschenk f\u00fcr spezielle Anl\u00e4sse. Ideal f\u00fcr den t\u00e4glichen Gebrauch sowie f\u00fcr Reisen &#8211; einfach aufzuh\u00e4ngen und platzsparend zu verstauen.<\/p>\n","protected":false},"featured_media":348,"template":"","meta":[],"product_cat":[35],"product_tag":[],"class_list":{"0":"post-347","1":"product","2":"type-product","3":"status-publish","4":"has-post-thumbnail","6":"product_cat-bekleidung-und-zubehoer","8":"first","9":"instock","10":"taxable","11":"shipping-taxable","12":"purchasable","13":"product-type-simple"},"_links":{"self":[{"href":"https:\/\/actionmall.act.at\/shop\/1135\/en\/wp-json\/wp\/v2\/product\/347"}],"collection":[{"href":"https:\/\/actionmall.act.at\/shop\/1135\/en\/wp-json\/wp\/v2\/product"}],"about":[{"href":"https:\/\/actionmall.act.at\/shop\/1135\/en\/wp-json\/wp\/v2\/types\/product"}],"wp:featuredmedia":[{"embeddable":true,"href":"https:\/\/actionmall.act.at\/shop\/1135\/en\/wp-json\/wp\/v2\/media\/348"}],"wp:attachment":[{"href":"https:\/\/actionmall.act.at\/shop\/1135\/en\/wp-json\/wp\/v2\/media?parent=347"}],"wp:term":[{"taxonomy":"product_cat","embeddable":true,"href":"https:\/\/actionmall.act.at\/shop\/1135\/en\/wp-json\/wp\/v2\/product_cat?post=347"},{"taxonomy":"product_tag","embeddable":true,"href":"https:\/\/actionmall.act.at\/shop\/1135\/en\/wp-json\/wp\/v2\/product_tag?post=347"}],"curies":[{"name":"wp","href":"https:\/\/api.w.org\/{rel}","templated":true}]}}