{"id":271,"date":"2025-12-11T11:10:44","date_gmt":"2025-12-11T10:10:44","guid":{"rendered":"https:\/\/actionmall.act.at\/shop\/1135\/?post_type=product&#038;p=271"},"modified":"2025-12-11T11:15:32","modified_gmt":"2025-12-11T10:15:32","slug":"flower-halstuch","status":"publish","type":"product","link":"https:\/\/actionmall.act.at\/shop\/1135\/produkt\/flower-halstuch\/","title":{"rendered":"Flower Halstuch"},"content":{"rendered":"<p>F\u00fcr elegantere Kombinationen sehen \u00fcbliche Seiden-Schals meist gl\u00e4nzend aus. Die perfekte zeitgem\u00e4\u00dfe Erg\u00e4nzung zu allen Sakkos, Jacken und Pullovern.<br \/>\nDas Flower Halstuch mit seinen Nude-T\u00f6nen und sanften Blumen-Designs gibt ihrem Outfit einen sehr sanften und lieben Look.<\/p>\n","protected":false},"excerpt":{"rendered":"<p>F\u00fcr elegantere Kombinationen sehen \u00fcbliche Seiden-Schals meist gl\u00e4nzend aus. Die perfekte zeitgem\u00e4\u00dfe Erg\u00e4nzung zu allen Sakkos, Jacken und Pullovern. Das Flower Halstuch mit seinen Nude-T\u00f6nen und sanften Blumen-Designs gibt ihrem Outfit einen sehr sanften und lieben Look.<\/p>\n","protected":false},"featured_media":272,"template":"","meta":[],"product_cat":[],"product_tag":[],"class_list":{"0":"post-271","1":"product","2":"type-product","3":"status-publish","4":"has-post-thumbnail","7":"first","8":"instock","9":"taxable","10":"shipping-taxable","11":"purchasable","12":"product-type-simple"},"_links":{"self":[{"href":"https:\/\/actionmall.act.at\/shop\/1135\/wp-json\/wp\/v2\/product\/271"}],"collection":[{"href":"https:\/\/actionmall.act.at\/shop\/1135\/wp-json\/wp\/v2\/product"}],"about":[{"href":"https:\/\/actionmall.act.at\/shop\/1135\/wp-json\/wp\/v2\/types\/product"}],"wp:featuredmedia":[{"embeddable":true,"href":"https:\/\/actionmall.act.at\/shop\/1135\/wp-json\/wp\/v2\/media\/272"}],"wp:attachment":[{"href":"https:\/\/actionmall.act.at\/shop\/1135\/wp-json\/wp\/v2\/media?parent=271"}],"wp:term":[{"taxonomy":"product_cat","embeddable":true,"href":"https:\/\/actionmall.act.at\/shop\/1135\/wp-json\/wp\/v2\/product_cat?post=271"},{"taxonomy":"product_tag","embeddable":true,"href":"https:\/\/actionmall.act.at\/shop\/1135\/wp-json\/wp\/v2\/product_tag?post=271"}],"curies":[{"name":"wp","href":"https:\/\/api.w.org\/{rel}","templated":true}]}}