{"id":278,"date":"2025-12-11T11:22:28","date_gmt":"2025-12-11T10:22:28","guid":{"rendered":"https:\/\/actionmall.act.at\/shop\/1135\/?post_type=product&#038;p=278"},"modified":"2025-12-11T11:22:28","modified_gmt":"2025-12-11T10:22:28","slug":"business-blazer","status":"publish","type":"product","link":"https:\/\/actionmall.act.at\/shop\/1135\/produkt\/business-blazer\/","title":{"rendered":"Business Blazer"},"content":{"rendered":"<p>Der elegante Blazer mit Kn\u00f6pfen aus Metall und modischen akzentuierte Schultern, langen \u00c4rmeln, Vordertaschen, gef\u00fcttert und Knopfverschluss vorne.<\/p>\n","protected":false},"excerpt":{"rendered":"<p>Der elegante Blazer mit Kn\u00f6pfen aus Metall und modischen akzentuierte Schultern, langen \u00c4rmeln, Vordertaschen, gef\u00fcttert und Knopfverschluss vorne.<\/p>\n","protected":false},"featured_media":279,"template":"","meta":[],"product_cat":[],"product_tag":[],"class_list":{"0":"post-278","1":"product","2":"type-product","3":"status-publish","4":"has-post-thumbnail","7":"first","8":"instock","9":"taxable","10":"shipping-taxable","11":"purchasable","12":"product-type-simple"},"_links":{"self":[{"href":"https:\/\/actionmall.act.at\/shop\/1135\/wp-json\/wp\/v2\/product\/278"}],"collection":[{"href":"https:\/\/actionmall.act.at\/shop\/1135\/wp-json\/wp\/v2\/product"}],"about":[{"href":"https:\/\/actionmall.act.at\/shop\/1135\/wp-json\/wp\/v2\/types\/product"}],"wp:featuredmedia":[{"embeddable":true,"href":"https:\/\/actionmall.act.at\/shop\/1135\/wp-json\/wp\/v2\/media\/279"}],"wp:attachment":[{"href":"https:\/\/actionmall.act.at\/shop\/1135\/wp-json\/wp\/v2\/media?parent=278"}],"wp:term":[{"taxonomy":"product_cat","embeddable":true,"href":"https:\/\/actionmall.act.at\/shop\/1135\/wp-json\/wp\/v2\/product_cat?post=278"},{"taxonomy":"product_tag","embeddable":true,"href":"https:\/\/actionmall.act.at\/shop\/1135\/wp-json\/wp\/v2\/product_tag?post=278"}],"curies":[{"name":"wp","href":"https:\/\/api.w.org\/{rel}","templated":true}]}}