{"id":312,"date":"2026-04-23T14:15:44","date_gmt":"2026-04-23T12:15:44","guid":{"rendered":"https:\/\/actionmall.act.at\/shop\/1135\/?post_type=product&#038;p=312"},"modified":"2026-04-23T14:16:26","modified_gmt":"2026-04-23T12:16:26","slug":"usb-pro","status":"publish","type":"product","link":"https:\/\/actionmall.act.at\/shop\/1135\/produkt\/usb-pro\/","title":{"rendered":"USB Pro"},"content":{"rendered":"<p>Der USB-Pro mit 520 GB ist ein kompakter und zuverl\u00e4ssiger USB-Stick zur schnellen Speicherung und \u00dcbertragung von Daten. Mit 520 GB Speicherplatz bietet er gen\u00fcgend Platz f\u00fcr Dokumente, Fotos, Videos und Musik. Dank Plug-and-Play ist er sofort einsetzbereit und Ideal f\u00fcr den t\u00e4glichen Gebrauch.<img loading=\"lazy\" decoding=\"async\" class=\"alignnone size-medium wp-image-313\" src=\"https:\/\/actionmall.act.at\/shop\/1135\/wp-content\/uploads\/2026\/04\/image-300x262.png\" alt=\"\" width=\"300\" height=\"262\" srcset=\"https:\/\/actionmall.act.at\/shop\/1135\/wp-content\/uploads\/2026\/04\/image-300x262.png 300w, https:\/\/actionmall.act.at\/shop\/1135\/wp-content\/uploads\/2026\/04\/image.png 320w\" sizes=\"(max-width: 300px) 100vw, 300px\" \/><\/p>\n","protected":false},"excerpt":{"rendered":"<p>Der USB-Pro mit 520 GB ist ein kompakter und zuverl\u00e4ssiger USB-Stick zur schnellen Speicherung und \u00dcbertragung von Daten. Mit 520 GB Speicherplatz bietet er gen\u00fcgend Platz f\u00fcr Dokumente, Fotos, Videos und Musik. Dank Plug-and-Play ist er sofort einsetzbereit und Ideal f\u00fcr den t\u00e4glichen Gebrauch.<\/p>\n","protected":false},"featured_media":313,"template":"","meta":[],"product_cat":[58],"product_tag":[],"class_list":{"0":"post-312","1":"product","2":"type-product","3":"status-publish","4":"has-post-thumbnail","6":"product_cat-it-und-elektronik","8":"first","9":"instock","10":"taxable","11":"shipping-taxable","12":"purchasable","13":"product-type-simple"},"_links":{"self":[{"href":"https:\/\/actionmall.act.at\/shop\/1135\/wp-json\/wp\/v2\/product\/312"}],"collection":[{"href":"https:\/\/actionmall.act.at\/shop\/1135\/wp-json\/wp\/v2\/product"}],"about":[{"href":"https:\/\/actionmall.act.at\/shop\/1135\/wp-json\/wp\/v2\/types\/product"}],"wp:featuredmedia":[{"embeddable":true,"href":"https:\/\/actionmall.act.at\/shop\/1135\/wp-json\/wp\/v2\/media\/313"}],"wp:attachment":[{"href":"https:\/\/actionmall.act.at\/shop\/1135\/wp-json\/wp\/v2\/media?parent=312"}],"wp:term":[{"taxonomy":"product_cat","embeddable":true,"href":"https:\/\/actionmall.act.at\/shop\/1135\/wp-json\/wp\/v2\/product_cat?post=312"},{"taxonomy":"product_tag","embeddable":true,"href":"https:\/\/actionmall.act.at\/shop\/1135\/wp-json\/wp\/v2\/product_tag?post=312"}],"curies":[{"name":"wp","href":"https:\/\/api.w.org\/{rel}","templated":true}]}}