{"id":314,"date":"2026-04-23T14:17:57","date_gmt":"2026-04-23T12:17:57","guid":{"rendered":"https:\/\/actionmall.act.at\/shop\/1135\/?post_type=product&#038;p=314"},"modified":"2026-04-23T14:50:33","modified_gmt":"2026-04-23T12:50:33","slug":"blue-friend","status":"publish","type":"product","link":"https:\/\/actionmall.act.at\/shop\/1135\/produkt\/blue-friend\/","title":{"rendered":"Blue Friend"},"content":{"rendered":"<p>Blue Friend\u00a0ist ein kleines Ger\u00e4t, das Sie an Ihren Schl\u00fcsseln, Ihrer Geldb\u00f6rse, Tasche, oder sogar an Ihrem Haustier befestigen k\u00f6nnen, so dass es Ihnen leichter f\u00e4llt, Ihren gesuchten Gegenstand leicht mit Ihrem Smartphone zu finden. Sie k\u00f6nnen auch auf Blue Friend dr\u00fccken, um Ihr Smartphone klingeln zu lassen um es innerhalb von Sekunden finden zu k\u00f6nnen, auch wenn es im lautlos-Modus ist. Und Sie k\u00f6nnen sich sicher sein, dass Ihr Smartphone Sie benachrichtigt, falls Sie etwas liegen lassen sollten.\u00a0Blue Friend\u00a0ist das einzige Produkt, das eine Kombination aus einwandfreier Leistung, sozialen Funktionen, Langlebigkeit und einer austauschbaren Batterie bietet. Dies bedeutet, dass sich die Benutzer wirklich darauf verlassen k\u00f6nnen und unbeschwert ihr Leben genie\u00dfen k\u00f6nnen. Es ist sto\u00dffest, wasserdicht und h\u00e4lt ein Leben lang.<\/p>\n","protected":false},"excerpt":{"rendered":"<p>Blue Friend\u00a0ist ein kleines Ger\u00e4t, das Sie an Ihren Schl\u00fcsseln, Ihrer Geldb\u00f6rse, Tasche, oder sogar an Ihrem Haustier befestigen k\u00f6nnen, so dass es Ihnen leichter f\u00e4llt, Ihren gesuchten Gegenstand leicht mit Ihrem Smartphone zu finden. Sie k\u00f6nnen auch auf Blue Friend dr\u00fccken, um Ihr Smartphone klingeln zu lassen um es innerhalb von Sekunden finden zu [&hellip;]<\/p>\n","protected":false},"featured_media":315,"template":"","meta":[],"product_cat":[58],"product_tag":[],"class_list":{"0":"post-314","1":"product","2":"type-product","3":"status-publish","4":"has-post-thumbnail","6":"product_cat-it-und-elektronik","8":"first","9":"instock","10":"taxable","11":"shipping-taxable","12":"purchasable","13":"product-type-simple"},"_links":{"self":[{"href":"https:\/\/actionmall.act.at\/shop\/1135\/wp-json\/wp\/v2\/product\/314"}],"collection":[{"href":"https:\/\/actionmall.act.at\/shop\/1135\/wp-json\/wp\/v2\/product"}],"about":[{"href":"https:\/\/actionmall.act.at\/shop\/1135\/wp-json\/wp\/v2\/types\/product"}],"wp:featuredmedia":[{"embeddable":true,"href":"https:\/\/actionmall.act.at\/shop\/1135\/wp-json\/wp\/v2\/media\/315"}],"wp:attachment":[{"href":"https:\/\/actionmall.act.at\/shop\/1135\/wp-json\/wp\/v2\/media?parent=314"}],"wp:term":[{"taxonomy":"product_cat","embeddable":true,"href":"https:\/\/actionmall.act.at\/shop\/1135\/wp-json\/wp\/v2\/product_cat?post=314"},{"taxonomy":"product_tag","embeddable":true,"href":"https:\/\/actionmall.act.at\/shop\/1135\/wp-json\/wp\/v2\/product_tag?post=314"}],"curies":[{"name":"wp","href":"https:\/\/api.w.org\/{rel}","templated":true}]}}