{"id":318,"date":"2026-04-23T14:23:02","date_gmt":"2026-04-23T12:23:02","guid":{"rendered":"https:\/\/actionmall.act.at\/shop\/1135\/?post_type=product&#038;p=318"},"modified":"2026-04-23T14:49:11","modified_gmt":"2026-04-23T12:49:11","slug":"magischer-lautsprecher","status":"publish","type":"product","link":"https:\/\/actionmall.act.at\/shop\/1135\/produkt\/magischer-lautsprecher\/","title":{"rendered":"Magischer Lautsprecher"},"content":{"rendered":"<p>Das leistungsstarke Audiosystem bietet 360\u00b0-Sound, satte B\u00e4sse \u00fcber gro\u00dfe Distanzen, 360-Grad-Party, Lautsprecherbeleuchtung und Vernetzungsm\u00f6glichkeiten mit einem Smartphone.<\/p>\n<p>Mit seinem schwarz-matten Design und seiner au\u00dfergew\u00f6hnlichen Form hat der magischer Lautsprecher ein sehr modernes Erscheinungsbild.<\/p>\n","protected":false},"excerpt":{"rendered":"<p>Das leistungsstarke Audiosystem bietet 360\u00b0-Sound, satte B\u00e4sse \u00fcber gro\u00dfe Distanzen, 360-Grad-Party, Lautsprecherbeleuchtung und Vernetzungsm\u00f6glichkeiten mit einem Smartphone. Mit seinem schwarz-matten Design und seiner au\u00dfergew\u00f6hnlichen Form hat der magischer Lautsprecher ein sehr modernes Erscheinungsbild.<\/p>\n","protected":false},"featured_media":319,"template":"","meta":[],"product_cat":[62],"product_tag":[],"class_list":{"0":"post-318","1":"product","2":"type-product","3":"status-publish","4":"has-post-thumbnail","6":"product_cat-technische-infrastruktur-industrie","8":"first","9":"instock","10":"taxable","11":"shipping-taxable","12":"purchasable","13":"product-type-simple"},"_links":{"self":[{"href":"https:\/\/actionmall.act.at\/shop\/1135\/wp-json\/wp\/v2\/product\/318"}],"collection":[{"href":"https:\/\/actionmall.act.at\/shop\/1135\/wp-json\/wp\/v2\/product"}],"about":[{"href":"https:\/\/actionmall.act.at\/shop\/1135\/wp-json\/wp\/v2\/types\/product"}],"wp:featuredmedia":[{"embeddable":true,"href":"https:\/\/actionmall.act.at\/shop\/1135\/wp-json\/wp\/v2\/media\/319"}],"wp:attachment":[{"href":"https:\/\/actionmall.act.at\/shop\/1135\/wp-json\/wp\/v2\/media?parent=318"}],"wp:term":[{"taxonomy":"product_cat","embeddable":true,"href":"https:\/\/actionmall.act.at\/shop\/1135\/wp-json\/wp\/v2\/product_cat?post=318"},{"taxonomy":"product_tag","embeddable":true,"href":"https:\/\/actionmall.act.at\/shop\/1135\/wp-json\/wp\/v2\/product_tag?post=318"}],"curies":[{"name":"wp","href":"https:\/\/api.w.org\/{rel}","templated":true}]}}