{"id":298,"date":"2024-12-10T15:15:09","date_gmt":"2024-12-10T14:15:09","guid":{"rendered":"https:\/\/actionmall.act.at\/shop\/1216\/?post_type=product&#038;p=298"},"modified":"2024-12-10T15:15:09","modified_gmt":"2024-12-10T14:15:09","slug":"prozessanalyseseminar","status":"publish","type":"product","link":"https:\/\/actionmall.act.at\/shop\/1216\/en\/produkt\/prozessanalyseseminar\/","title":{"rendered":"Prozessanalyseseminar"},"content":{"rendered":"<p><em>Was erwartet Sie?<\/em><\/p>\n<ol>\n<li>Deutliche Gewinnsteigerung<\/li>\n<li>Einsparung von Arbeitspl\u00e4tzen<\/li>\n<li>Bessere Bindung zu den Mitarbeitern<\/li>\n<li>Korrekte Auslese der Leistungstr\u00e4ger und Leistungsverweigerer<\/li>\n<\/ol>\n<p>&nbsp;<\/p>\n<p><em>Bewerben!<\/em><\/p>\n<ul>\n<li>Top Preis-Leistungs-Verh\u00e4ltnis!<\/li>\n<li>Neuheit!<\/li>\n<\/ul>\n","protected":false},"excerpt":{"rendered":"<p>Was erwartet Sie? Deutliche Gewinnsteigerung Einsparung von Arbeitspl\u00e4tzen Bessere Bindung zu den Mitarbeitern Korrekte Auslese der Leistungstr\u00e4ger und Leistungsverweigerer &nbsp; Bewerben! Top Preis-Leistungs-Verh\u00e4ltnis! Neuheit!<\/p>\n","protected":false},"featured_media":299,"template":"","meta":[],"product_cat":[],"product_tag":[],"class_list":{"0":"post-298","1":"product","2":"type-product","3":"status-publish","4":"has-post-thumbnail","7":"first","8":"instock","9":"taxable","10":"shipping-taxable","11":"purchasable","12":"product-type-simple"},"_links":{"self":[{"href":"https:\/\/actionmall.act.at\/shop\/1216\/en\/wp-json\/wp\/v2\/product\/298"}],"collection":[{"href":"https:\/\/actionmall.act.at\/shop\/1216\/en\/wp-json\/wp\/v2\/product"}],"about":[{"href":"https:\/\/actionmall.act.at\/shop\/1216\/en\/wp-json\/wp\/v2\/types\/product"}],"wp:featuredmedia":[{"embeddable":true,"href":"https:\/\/actionmall.act.at\/shop\/1216\/en\/wp-json\/wp\/v2\/media\/299"}],"wp:attachment":[{"href":"https:\/\/actionmall.act.at\/shop\/1216\/en\/wp-json\/wp\/v2\/media?parent=298"}],"wp:term":[{"taxonomy":"product_cat","embeddable":true,"href":"https:\/\/actionmall.act.at\/shop\/1216\/en\/wp-json\/wp\/v2\/product_cat?post=298"},{"taxonomy":"product_tag","embeddable":true,"href":"https:\/\/actionmall.act.at\/shop\/1216\/en\/wp-json\/wp\/v2\/product_tag?post=298"}],"curies":[{"name":"wp","href":"https:\/\/api.w.org\/{rel}","templated":true}]}}