{"id":273,"date":"2024-12-10T14:38:19","date_gmt":"2024-12-10T13:38:19","guid":{"rendered":"https:\/\/actionmall.act.at\/shop\/1216\/?post_type=product&#038;p=273"},"modified":"2024-12-10T14:38:19","modified_gmt":"2024-12-10T13:38:19","slug":"green-office-ressourcenschonung-im-buero","status":"publish","type":"product","link":"https:\/\/actionmall.act.at\/shop\/1216\/produkt\/green-office-ressourcenschonung-im-buero\/","title":{"rendered":"Green Office- Ressourcenschonung im B\u00fcro"},"content":{"rendered":"<p>Sie wollen etwas Gutes f\u00fcr die Umwelt leisten? Kommen Sie zu unserem Seminar und sparen Sie in Zukunft Ressourcen in Ihrem B\u00fcro!<\/p>\n<p>&nbsp;<\/p>\n<p><em>Was ist \u201eGreen Office\u201c?: <\/em><\/p>\n<ul>\n<li>Was bedeutet der Begriff \u201eGreen Office\u201c?<\/li>\n<li>Wieso sollte man Ressourcenschonung im Betrieb einsetzen?<\/li>\n<\/ul>\n<p>&nbsp;<\/p>\n<p><em>Green Office ist nicht nur Chefsache!:<\/em><\/p>\n<ul>\n<li>Wie bringe ich Ressourcenschonung meinen Mitarbeitern bei?<\/li>\n<li>Wie erh\u00f6he ich das Interesse von meinen Angestellten am umweltfreundlichen Arbeiten?<\/li>\n<\/ul>\n<p>&nbsp;<\/p>\n<p><em>Tipps f\u00fcr die Ressourcenschonung im B\u00fcro:<\/em><\/p>\n<ul>\n<li>Welche Verhaltensweisen verbrauchen die meisten Ressourcen?<\/li>\n<\/ul>\n<p>Strategien um Ressourcen im B\u00fcro einzusparen<\/p>\n","protected":false},"excerpt":{"rendered":"<p>Sie wollen etwas Gutes f\u00fcr die Umwelt leisten? Kommen Sie zu unserem Seminar und sparen Sie in Zukunft Ressourcen in Ihrem B\u00fcro!<\/p>\n","protected":false},"featured_media":274,"template":"","meta":[],"product_cat":[],"product_tag":[],"class_list":{"0":"post-273","1":"product","2":"type-product","3":"status-publish","4":"has-post-thumbnail","7":"first","8":"instock","9":"taxable","10":"shipping-taxable","11":"purchasable","12":"product-type-simple"},"_links":{"self":[{"href":"https:\/\/actionmall.act.at\/shop\/1216\/wp-json\/wp\/v2\/product\/273"}],"collection":[{"href":"https:\/\/actionmall.act.at\/shop\/1216\/wp-json\/wp\/v2\/product"}],"about":[{"href":"https:\/\/actionmall.act.at\/shop\/1216\/wp-json\/wp\/v2\/types\/product"}],"wp:featuredmedia":[{"embeddable":true,"href":"https:\/\/actionmall.act.at\/shop\/1216\/wp-json\/wp\/v2\/media\/274"}],"wp:attachment":[{"href":"https:\/\/actionmall.act.at\/shop\/1216\/wp-json\/wp\/v2\/media?parent=273"}],"wp:term":[{"taxonomy":"product_cat","embeddable":true,"href":"https:\/\/actionmall.act.at\/shop\/1216\/wp-json\/wp\/v2\/product_cat?post=273"},{"taxonomy":"product_tag","embeddable":true,"href":"https:\/\/actionmall.act.at\/shop\/1216\/wp-json\/wp\/v2\/product_tag?post=273"}],"curies":[{"name":"wp","href":"https:\/\/api.w.org\/{rel}","templated":true}]}}