{"id":292,"date":"2024-12-10T15:06:54","date_gmt":"2024-12-10T14:06:54","guid":{"rendered":"https:\/\/actionmall.act.at\/shop\/1216\/?post_type=product&#038;p=292"},"modified":"2024-12-10T15:06:54","modified_gmt":"2024-12-10T14:06:54","slug":"errichtung-nachhaltiger-betriebszweige","status":"publish","type":"product","link":"https:\/\/actionmall.act.at\/shop\/1216\/produkt\/errichtung-nachhaltiger-betriebszweige\/","title":{"rendered":"Errichtung nachhaltiger Betriebszweige"},"content":{"rendered":"<p>Sie wollen mehr \u00fcber die Errichtung nachhaltiger Betriebszweige erfahren? Ihr Unternehmen m\u00f6chte neue nachhaltige Betriebszweige erschlie\u00dfen? Dann kommen Sie und besuchen Sie unser Seminar zur Errichtung nachhaltiger Betriebszweige!<\/p>\n<p>&nbsp;<\/p>\n<p><em>Was ist ein nachhaltiger Betriebszweig:<\/em><\/p>\n<ul>\n<li>Was bedeutet der Begriff \u201enachhaltig\u201c?<\/li>\n<li>Wie wichtig ist Nachhaltigkeit f\u00fcr meine Firma und meine Umwelt?<\/li>\n<\/ul>\n<p>&nbsp;<\/p>\n<p><em>Ziele von Nachhaltigen Betriebszweige:<\/em><\/p>\n<ul>\n<li>Der Grundsatz Nachhaltigkeit<\/li>\n<li>Tipps zur Durchf\u00fchrung<\/li>\n<li>Rentabel trotz Nachhaltigkeit<\/li>\n<\/ul>\n<p><em>\u00a0<\/em><\/p>\n<p><em>Wie kann ich meine Betriebszweige nachhaltig gestalten?:<\/em><\/p>\n<ul>\n<li>Reduktion<\/li>\n<li>Effizienzsteigerung<\/li>\n<li>Rohstoffumstellung<\/li>\n<\/ul>\n<p>&nbsp;<\/p>\n<p>&nbsp;<\/p>\n<p><em>Warum Nachhaltigkeit im Unternehmen?:<\/em><\/p>\n<ul>\n<li>Wichtig f\u00fcr die Zukunft<\/li>\n<li>Vorteile durch fr\u00fcher Umstellung gegen\u00fcber nicht nachhaltige Unternehmen<\/li>\n<\/ul>\n<p>Er\u00f6ffnung neuer Marketing Strategien<\/p>\n","protected":false},"excerpt":{"rendered":"<p>Sie wollen mehr \u00fcber die Errichtung nachhaltiger Betriebszweige erfahren? Ihr Unternehmen m\u00f6chte neue nachhaltige Betriebszweige erschlie\u00dfen? Dann kommen Sie und besuchen Sie unser Seminar zur Errichtung nachhaltiger Betriebszweige!<\/p>\n","protected":false},"featured_media":293,"template":"","meta":[],"product_cat":[],"product_tag":[],"class_list":{"0":"post-292","1":"product","2":"type-product","3":"status-publish","4":"has-post-thumbnail","7":"first","8":"instock","9":"taxable","10":"shipping-taxable","11":"purchasable","12":"product-type-simple"},"_links":{"self":[{"href":"https:\/\/actionmall.act.at\/shop\/1216\/wp-json\/wp\/v2\/product\/292"}],"collection":[{"href":"https:\/\/actionmall.act.at\/shop\/1216\/wp-json\/wp\/v2\/product"}],"about":[{"href":"https:\/\/actionmall.act.at\/shop\/1216\/wp-json\/wp\/v2\/types\/product"}],"wp:featuredmedia":[{"embeddable":true,"href":"https:\/\/actionmall.act.at\/shop\/1216\/wp-json\/wp\/v2\/media\/293"}],"wp:attachment":[{"href":"https:\/\/actionmall.act.at\/shop\/1216\/wp-json\/wp\/v2\/media?parent=292"}],"wp:term":[{"taxonomy":"product_cat","embeddable":true,"href":"https:\/\/actionmall.act.at\/shop\/1216\/wp-json\/wp\/v2\/product_cat?post=292"},{"taxonomy":"product_tag","embeddable":true,"href":"https:\/\/actionmall.act.at\/shop\/1216\/wp-json\/wp\/v2\/product_tag?post=292"}],"curies":[{"name":"wp","href":"https:\/\/api.w.org\/{rel}","templated":true}]}}