{"id":294,"date":"2024-12-10T15:09:38","date_gmt":"2024-12-10T14:09:38","guid":{"rendered":"https:\/\/actionmall.act.at\/shop\/1216\/?post_type=product&#038;p=294"},"modified":"2024-12-10T15:09:38","modified_gmt":"2024-12-10T14:09:38","slug":"seminar-zur-veranstaltungsorganisation","status":"publish","type":"product","link":"https:\/\/actionmall.act.at\/shop\/1216\/produkt\/seminar-zur-veranstaltungsorganisation\/","title":{"rendered":"Seminar zur Veranstaltungsorganisation"},"content":{"rendered":"<p><em>Was bringt unser Veranstaltungsseminar Ihnen als Unternehmer\/Privatperson?<\/em><\/p>\n<ul>\n<li>Reibungsloser Ablauf Ihrer Veranstaltungen<\/li>\n<li>Hoch qualitative Partys<\/li>\n<li>Kein Stress vor, und w\u00e4hrend der Veranstaltung<\/li>\n<li>Unn\u00f6tige Kosten vermeiden<\/li>\n<li>Mehr Mitarbeiterzufriedenheit\/G\u00e4stezufriedenheit<\/li>\n<li>Networking-M\u00f6glichkeit<\/li>\n<li>Image verbessern<\/li>\n<li>\u00d6ffentlichkeitsarbeit<\/li>\n<\/ul>\n","protected":false},"excerpt":{"rendered":"<p>Was bringt unser Veranstaltungsseminar Ihnen als Unternehmer\/Privatperson? Reibungsloser Ablauf Ihrer Veranstaltungen Hoch qualitative Partys Kein Stress vor, und w\u00e4hrend der Veranstaltung Unn\u00f6tige Kosten vermeiden Mehr Mitarbeiterzufriedenheit\/G\u00e4stezufriedenheit Networking-M\u00f6glichkeit Image verbessern \u00d6ffentlichkeitsarbeit<\/p>\n","protected":false},"featured_media":295,"template":"","meta":[],"product_cat":[],"product_tag":[],"class_list":{"0":"post-294","1":"product","2":"type-product","3":"status-publish","4":"has-post-thumbnail","7":"first","8":"instock","9":"taxable","10":"shipping-taxable","11":"purchasable","12":"product-type-simple"},"_links":{"self":[{"href":"https:\/\/actionmall.act.at\/shop\/1216\/wp-json\/wp\/v2\/product\/294"}],"collection":[{"href":"https:\/\/actionmall.act.at\/shop\/1216\/wp-json\/wp\/v2\/product"}],"about":[{"href":"https:\/\/actionmall.act.at\/shop\/1216\/wp-json\/wp\/v2\/types\/product"}],"wp:featuredmedia":[{"embeddable":true,"href":"https:\/\/actionmall.act.at\/shop\/1216\/wp-json\/wp\/v2\/media\/295"}],"wp:attachment":[{"href":"https:\/\/actionmall.act.at\/shop\/1216\/wp-json\/wp\/v2\/media?parent=294"}],"wp:term":[{"taxonomy":"product_cat","embeddable":true,"href":"https:\/\/actionmall.act.at\/shop\/1216\/wp-json\/wp\/v2\/product_cat?post=294"},{"taxonomy":"product_tag","embeddable":true,"href":"https:\/\/actionmall.act.at\/shop\/1216\/wp-json\/wp\/v2\/product_tag?post=294"}],"curies":[{"name":"wp","href":"https:\/\/api.w.org\/{rel}","templated":true}]}}