{"id":279,"date":"2024-11-20T10:18:47","date_gmt":"2024-11-20T09:18:47","guid":{"rendered":"https:\/\/actionmall.act.at\/shop\/1271\/?post_type=product&#038;p=279"},"modified":"2025-11-18T08:28:12","modified_gmt":"2025-11-18T07:28:12","slug":"airpods-4","status":"publish","type":"product","link":"https:\/\/actionmall.act.at\/shop\/1271\/en\/produkt\/airpods-4\/","title":{"rendered":"Airpods 4"},"content":{"rendered":"<p>Die AirPods 4 bieten verbesserten Sound und Komfort mit aktivem Noise-Cancelling und Spatial Audio f\u00fcr ein immersives H\u00f6rerlebnis. Sie verf\u00fcgen \u00fcber eine Lange Batterielaufzeit, eine automatische Ger\u00e4uschsteuerung und sind dank des Apple H1 Chips nahtlos mit anderen Apple-Ger\u00e4ten verbunden. Mit Schwei\u00df- und Wasserresistenz eignen sie sich f\u00fcr den t\u00e4glichen Gebrauch und Sport. Der sichere Sitz sorgt f\u00fcr hohen Tragekomfort und Stabilit\u00e4t w\u00e4hrend des Gebrauchs. Ideal f\u00fcr Musik, Anrufe und Sprachassistenten.<\/p>\n","protected":false},"excerpt":{"rendered":"<p>Die AirPods 4 bieten verbesserten Sound und Komfort mit aktivem Noise-Cancelling und Spatial Audio f\u00fcr ein immersives H\u00f6rerlebnis. Sie verf\u00fcgen \u00fcber eine Lange Batterielaufzeit, eine automatische Ger\u00e4uschsteuerung und sind dank des Apple H1 Chips nahtlos mit anderen Apple-Ger\u00e4ten verbunden. Mit Schwei\u00df- und Wasserresistenz eignen sie sich f\u00fcr den t\u00e4glichen Gebrauch und Sport. Der sichere Sitz [&hellip;]<\/p>\n","protected":false},"featured_media":401,"template":"","meta":[],"product_cat":[],"product_tag":[],"class_list":{"0":"post-279","1":"product","2":"type-product","3":"status-publish","4":"has-post-thumbnail","7":"first","8":"instock","9":"taxable","10":"shipping-taxable","11":"purchasable","12":"product-type-simple"},"_links":{"self":[{"href":"https:\/\/actionmall.act.at\/shop\/1271\/en\/wp-json\/wp\/v2\/product\/279"}],"collection":[{"href":"https:\/\/actionmall.act.at\/shop\/1271\/en\/wp-json\/wp\/v2\/product"}],"about":[{"href":"https:\/\/actionmall.act.at\/shop\/1271\/en\/wp-json\/wp\/v2\/types\/product"}],"wp:featuredmedia":[{"embeddable":true,"href":"https:\/\/actionmall.act.at\/shop\/1271\/en\/wp-json\/wp\/v2\/media\/401"}],"wp:attachment":[{"href":"https:\/\/actionmall.act.at\/shop\/1271\/en\/wp-json\/wp\/v2\/media?parent=279"}],"wp:term":[{"taxonomy":"product_cat","embeddable":true,"href":"https:\/\/actionmall.act.at\/shop\/1271\/en\/wp-json\/wp\/v2\/product_cat?post=279"},{"taxonomy":"product_tag","embeddable":true,"href":"https:\/\/actionmall.act.at\/shop\/1271\/en\/wp-json\/wp\/v2\/product_tag?post=279"}],"curies":[{"name":"wp","href":"https:\/\/api.w.org\/{rel}","templated":true}]}}