{"id":281,"date":"2024-11-20T10:22:31","date_gmt":"2024-11-20T09:22:31","guid":{"rendered":"https:\/\/actionmall.act.at\/shop\/1271\/?post_type=product&#038;p=281"},"modified":"2025-11-18T08:27:24","modified_gmt":"2025-11-18T07:27:24","slug":"canon-druckerpatronen","status":"publish","type":"product","link":"https:\/\/actionmall.act.at\/shop\/1271\/en\/produkt\/canon-druckerpatronen\/","title":{"rendered":"Canon Druckerpatronen"},"content":{"rendered":"<p>Canon Druckerpatronen bieten hochwertige Tinten f\u00fcr gestochen scharfe Ausdrucke mit lebendigen Farben und klarer Textwiedergabe. Sie sind in verschiedenen Varianten erh\u00e4ltlich, darunter Farbpatronen und Schwarzpatronen, passend f\u00fcr eine Vielzahl von Canon Druckermodellen. Mit schneller Trocknungszeit und hoher Ergiebigkeit garantieren sie langlebige Drucke f\u00fcr Fotos, Dokumente und mehr. Ideal f\u00fcr den Einsatz zu Hause oder im B\u00fcro.<\/p>\n","protected":false},"excerpt":{"rendered":"<p>Canon Druckerpatronen bieten hochwertige Tinten f\u00fcr gestochen scharfe Ausdrucke mit lebendigen Farben und klarer Textwiedergabe. Sie sind in verschiedenen Varianten erh\u00e4ltlich, darunter Farbpatronen und Schwarzpatronen, passend f\u00fcr eine Vielzahl von Canon Druckermodellen. Mit schneller Trocknungszeit und hoher Ergiebigkeit garantieren sie langlebige Drucke f\u00fcr Fotos, Dokumente und mehr. Ideal f\u00fcr den Einsatz zu Hause oder im [&hellip;]<\/p>\n","protected":false},"featured_media":421,"template":"","meta":[],"product_cat":[],"product_tag":[],"class_list":{"0":"post-281","1":"product","2":"type-product","3":"status-publish","4":"has-post-thumbnail","7":"first","8":"instock","9":"taxable","10":"shipping-taxable","11":"purchasable","12":"product-type-simple"},"_links":{"self":[{"href":"https:\/\/actionmall.act.at\/shop\/1271\/en\/wp-json\/wp\/v2\/product\/281"}],"collection":[{"href":"https:\/\/actionmall.act.at\/shop\/1271\/en\/wp-json\/wp\/v2\/product"}],"about":[{"href":"https:\/\/actionmall.act.at\/shop\/1271\/en\/wp-json\/wp\/v2\/types\/product"}],"wp:featuredmedia":[{"embeddable":true,"href":"https:\/\/actionmall.act.at\/shop\/1271\/en\/wp-json\/wp\/v2\/media\/421"}],"wp:attachment":[{"href":"https:\/\/actionmall.act.at\/shop\/1271\/en\/wp-json\/wp\/v2\/media?parent=281"}],"wp:term":[{"taxonomy":"product_cat","embeddable":true,"href":"https:\/\/actionmall.act.at\/shop\/1271\/en\/wp-json\/wp\/v2\/product_cat?post=281"},{"taxonomy":"product_tag","embeddable":true,"href":"https:\/\/actionmall.act.at\/shop\/1271\/en\/wp-json\/wp\/v2\/product_tag?post=281"}],"curies":[{"name":"wp","href":"https:\/\/api.w.org\/{rel}","templated":true}]}}