{"id":291,"date":"2024-11-27T08:37:43","date_gmt":"2024-11-27T07:37:43","guid":{"rendered":"https:\/\/actionmall.act.at\/shop\/1271\/?post_type=product&#038;p=291"},"modified":"2025-11-18T08:23:07","modified_gmt":"2025-11-18T07:23:07","slug":"apple-macbook-air","status":"publish","type":"product","link":"https:\/\/actionmall.act.at\/shop\/1271\/en\/produkt\/apple-macbook-air\/","title":{"rendered":"Apple Macbook Air"},"content":{"rendered":"<p>Das <strong>Apple MacBook Air<\/strong> ist ein ultra-d\u00fcnnes und leichtes Notebook, das f\u00fcr seine hohe Leistung und lange Akkulaufzeit bekannt ist. Es ist mit dem leistungsstarken <strong>Apple M2 Chip<\/strong> ausgestattet, der eine bemerkenswerte Geschwindigkeit und Energieeffizienz bietet. Das MacBook Air verf\u00fcgt \u00fcber ein <strong>13,6 Zoll Liquid Retina Display<\/strong> mit lebendigen Farben und hoher Aufl\u00f6sung.<\/p>\n","protected":false},"excerpt":{"rendered":"<p>Das Apple MacBook Air ist ein ultra-d\u00fcnnes und leichtes Notebook, das f\u00fcr seine hohe Leistung und lange Akkulaufzeit bekannt ist. Es ist mit dem leistungsstarken Apple M2 Chip ausgestattet, der eine bemerkenswerte Geschwindigkeit und Energieeffizienz bietet. Das MacBook Air verf\u00fcgt \u00fcber ein 13,6 Zoll Liquid Retina Display mit lebendigen Farben und hoher Aufl\u00f6sung.<\/p>\n","protected":false},"featured_media":408,"template":"","meta":[],"product_cat":[],"product_tag":[],"class_list":{"0":"post-291","1":"product","2":"type-product","3":"status-publish","4":"has-post-thumbnail","7":"first","8":"instock","9":"taxable","10":"shipping-taxable","11":"purchasable","12":"product-type-simple"},"_links":{"self":[{"href":"https:\/\/actionmall.act.at\/shop\/1271\/en\/wp-json\/wp\/v2\/product\/291"}],"collection":[{"href":"https:\/\/actionmall.act.at\/shop\/1271\/en\/wp-json\/wp\/v2\/product"}],"about":[{"href":"https:\/\/actionmall.act.at\/shop\/1271\/en\/wp-json\/wp\/v2\/types\/product"}],"wp:featuredmedia":[{"embeddable":true,"href":"https:\/\/actionmall.act.at\/shop\/1271\/en\/wp-json\/wp\/v2\/media\/408"}],"wp:attachment":[{"href":"https:\/\/actionmall.act.at\/shop\/1271\/en\/wp-json\/wp\/v2\/media?parent=291"}],"wp:term":[{"taxonomy":"product_cat","embeddable":true,"href":"https:\/\/actionmall.act.at\/shop\/1271\/en\/wp-json\/wp\/v2\/product_cat?post=291"},{"taxonomy":"product_tag","embeddable":true,"href":"https:\/\/actionmall.act.at\/shop\/1271\/en\/wp-json\/wp\/v2\/product_tag?post=291"}],"curies":[{"name":"wp","href":"https:\/\/api.w.org\/{rel}","templated":true}]}}