{"id":442,"date":"2025-12-09T08:59:02","date_gmt":"2025-12-09T07:59:02","guid":{"rendered":"https:\/\/actionmall.act.at\/shop\/1271\/?post_type=product&#038;p=442"},"modified":"2025-12-09T08:59:02","modified_gmt":"2025-12-09T07:59:02","slug":"epson-drucker-et-2820","status":"publish","type":"product","link":"https:\/\/actionmall.act.at\/shop\/1271\/en\/produkt\/epson-drucker-et-2820\/","title":{"rendered":"Epson Drucker ET-2820"},"content":{"rendered":"<p>Ein EcoTank-Drucker mit nachf\u00fcllbaren Tintenbeh\u00e4ltern f\u00fcr besonders g\u00fcnstigen Druck.<br data-start=\"631\" data-end=\"634\" \/>Ideal f\u00fcr Zuhause zum Drucken, Scannen und Kopieren ohne hohe Folgekosten.<\/p>\n","protected":false},"excerpt":{"rendered":"<p>Ein EcoTank-Drucker mit nachf\u00fcllbaren Tintenbeh\u00e4ltern f\u00fcr besonders g\u00fcnstigen Druck.Ideal f\u00fcr Zuhause zum Drucken, Scannen und Kopieren ohne hohe Folgekosten.<\/p>\n","protected":false},"featured_media":397,"template":"","meta":[],"product_cat":[],"product_tag":[],"class_list":{"0":"post-442","1":"product","2":"type-product","3":"status-publish","4":"has-post-thumbnail","7":"first","8":"instock","9":"taxable","10":"shipping-taxable","11":"purchasable","12":"product-type-simple"},"_links":{"self":[{"href":"https:\/\/actionmall.act.at\/shop\/1271\/en\/wp-json\/wp\/v2\/product\/442"}],"collection":[{"href":"https:\/\/actionmall.act.at\/shop\/1271\/en\/wp-json\/wp\/v2\/product"}],"about":[{"href":"https:\/\/actionmall.act.at\/shop\/1271\/en\/wp-json\/wp\/v2\/types\/product"}],"wp:featuredmedia":[{"embeddable":true,"href":"https:\/\/actionmall.act.at\/shop\/1271\/en\/wp-json\/wp\/v2\/media\/397"}],"wp:attachment":[{"href":"https:\/\/actionmall.act.at\/shop\/1271\/en\/wp-json\/wp\/v2\/media?parent=442"}],"wp:term":[{"taxonomy":"product_cat","embeddable":true,"href":"https:\/\/actionmall.act.at\/shop\/1271\/en\/wp-json\/wp\/v2\/product_cat?post=442"},{"taxonomy":"product_tag","embeddable":true,"href":"https:\/\/actionmall.act.at\/shop\/1271\/en\/wp-json\/wp\/v2\/product_tag?post=442"}],"curies":[{"name":"wp","href":"https:\/\/api.w.org\/{rel}","templated":true}]}}