{"id":448,"date":"2025-12-09T09:33:20","date_gmt":"2025-12-09T08:33:20","guid":{"rendered":"https:\/\/actionmall.act.at\/shop\/1271\/?post_type=product&#038;p=448"},"modified":"2025-12-09T09:33:20","modified_gmt":"2025-12-09T08:33:20","slug":"jbl-partybox-club-120","status":"publish","type":"product","link":"https:\/\/actionmall.act.at\/shop\/1271\/en\/produkt\/jbl-partybox-club-120\/","title":{"rendered":"JBL Partybox Club 120"},"content":{"rendered":"<p>Leistungsstarker Party-Lautsprecher mit sattem Klang und bunten Lichteffekten.<br data-start=\"1561\" data-end=\"1564\" \/>Perfekt f\u00fcr gr\u00f6\u00dfere Feiern, Events und kr\u00e4ftige Musik.<\/p>\n","protected":false},"excerpt":{"rendered":"<p>Leistungsstarker Party-Lautsprecher mit sattem Klang und bunten Lichteffekten.Perfekt f\u00fcr gr\u00f6\u00dfere Feiern, Events und kr\u00e4ftige Musik.<\/p>\n","protected":false},"featured_media":424,"template":"","meta":[],"product_cat":[],"product_tag":[],"class_list":{"0":"post-448","1":"product","2":"type-product","3":"status-publish","4":"has-post-thumbnail","7":"first","8":"instock","9":"taxable","10":"shipping-taxable","11":"purchasable","12":"product-type-simple"},"_links":{"self":[{"href":"https:\/\/actionmall.act.at\/shop\/1271\/en\/wp-json\/wp\/v2\/product\/448"}],"collection":[{"href":"https:\/\/actionmall.act.at\/shop\/1271\/en\/wp-json\/wp\/v2\/product"}],"about":[{"href":"https:\/\/actionmall.act.at\/shop\/1271\/en\/wp-json\/wp\/v2\/types\/product"}],"wp:featuredmedia":[{"embeddable":true,"href":"https:\/\/actionmall.act.at\/shop\/1271\/en\/wp-json\/wp\/v2\/media\/424"}],"wp:attachment":[{"href":"https:\/\/actionmall.act.at\/shop\/1271\/en\/wp-json\/wp\/v2\/media?parent=448"}],"wp:term":[{"taxonomy":"product_cat","embeddable":true,"href":"https:\/\/actionmall.act.at\/shop\/1271\/en\/wp-json\/wp\/v2\/product_cat?post=448"},{"taxonomy":"product_tag","embeddable":true,"href":"https:\/\/actionmall.act.at\/shop\/1271\/en\/wp-json\/wp\/v2\/product_tag?post=448"}],"curies":[{"name":"wp","href":"https:\/\/api.w.org\/{rel}","templated":true}]}}