{"id":451,"date":"2025-12-09T09:36:26","date_gmt":"2025-12-09T08:36:26","guid":{"rendered":"https:\/\/actionmall.act.at\/shop\/1271\/?post_type=product&#038;p=451"},"modified":"2025-12-09T09:36:26","modified_gmt":"2025-12-09T08:36:26","slug":"airpods-max","status":"publish","type":"product","link":"https:\/\/actionmall.act.at\/shop\/1271\/en\/produkt\/airpods-max\/","title":{"rendered":"AirPods Max"},"content":{"rendered":"<p>Hochwertige Over-Ear-Kopfh\u00f6rer mit hervorragender Ger\u00e4uschunterdr\u00fcckung.<br data-start=\"1879\" data-end=\"1882\" \/>Ideal f\u00fcr Musik, Filme und entspanntes H\u00f6ren in bester Apple-Qualit\u00e4t.<\/p>\n","protected":false},"excerpt":{"rendered":"<p>Hochwertige Over-Ear-Kopfh\u00f6rer mit hervorragender Ger\u00e4uschunterdr\u00fcckung.Ideal f\u00fcr Musik, Filme und entspanntes H\u00f6ren in bester Apple-Qualit\u00e4t.<\/p>\n","protected":false},"featured_media":405,"template":"","meta":[],"product_cat":[],"product_tag":[],"class_list":{"0":"post-451","1":"product","2":"type-product","3":"status-publish","4":"has-post-thumbnail","7":"first","8":"instock","9":"taxable","10":"shipping-taxable","11":"purchasable","12":"product-type-simple"},"_links":{"self":[{"href":"https:\/\/actionmall.act.at\/shop\/1271\/en\/wp-json\/wp\/v2\/product\/451"}],"collection":[{"href":"https:\/\/actionmall.act.at\/shop\/1271\/en\/wp-json\/wp\/v2\/product"}],"about":[{"href":"https:\/\/actionmall.act.at\/shop\/1271\/en\/wp-json\/wp\/v2\/types\/product"}],"wp:featuredmedia":[{"embeddable":true,"href":"https:\/\/actionmall.act.at\/shop\/1271\/en\/wp-json\/wp\/v2\/media\/405"}],"wp:attachment":[{"href":"https:\/\/actionmall.act.at\/shop\/1271\/en\/wp-json\/wp\/v2\/media?parent=451"}],"wp:term":[{"taxonomy":"product_cat","embeddable":true,"href":"https:\/\/actionmall.act.at\/shop\/1271\/en\/wp-json\/wp\/v2\/product_cat?post=451"},{"taxonomy":"product_tag","embeddable":true,"href":"https:\/\/actionmall.act.at\/shop\/1271\/en\/wp-json\/wp\/v2\/product_tag?post=451"}],"curies":[{"name":"wp","href":"https:\/\/api.w.org\/{rel}","templated":true}]}}