{"id":456,"date":"2025-12-09T09:49:12","date_gmt":"2025-12-09T08:49:12","guid":{"rendered":"https:\/\/actionmall.act.at\/shop\/1271\/?post_type=product&#038;p=456"},"modified":"2025-12-09T09:49:12","modified_gmt":"2025-12-09T08:49:12","slug":"greed-mk2-intel-mittelklasse","status":"publish","type":"product","link":"https:\/\/actionmall.act.at\/shop\/1271\/en\/produkt\/greed-mk2-intel-mittelklasse\/","title":{"rendered":"GREED MK2 Intel \u2013 Mittelklasse"},"content":{"rendered":"<p><strong>Ein solider Gaming-PC f\u00fcr fl\u00fcssiges Full-HD-Gaming und allt\u00e4gliche Anwendungen.<br data-start=\"2957\" data-end=\"2960\" \/>Ideal f\u00fcr Spieler, die gute Leistung ohne High-End-Preis m\u00f6chten.<\/strong><\/p>\n","protected":false},"excerpt":{"rendered":"<p>Ein solider Gaming-PC f\u00fcr fl\u00fcssiges Full-HD-Gaming und allt\u00e4gliche Anwendungen.Ideal f\u00fcr Spieler, die gute Leistung ohne High-End-Preis m\u00f6chten.<\/p>\n","protected":false},"featured_media":414,"template":"","meta":[],"product_cat":[],"product_tag":[],"class_list":{"0":"post-456","1":"product","2":"type-product","3":"status-publish","4":"has-post-thumbnail","7":"first","8":"instock","9":"taxable","10":"shipping-taxable","11":"purchasable","12":"product-type-simple"},"_links":{"self":[{"href":"https:\/\/actionmall.act.at\/shop\/1271\/en\/wp-json\/wp\/v2\/product\/456"}],"collection":[{"href":"https:\/\/actionmall.act.at\/shop\/1271\/en\/wp-json\/wp\/v2\/product"}],"about":[{"href":"https:\/\/actionmall.act.at\/shop\/1271\/en\/wp-json\/wp\/v2\/types\/product"}],"wp:featuredmedia":[{"embeddable":true,"href":"https:\/\/actionmall.act.at\/shop\/1271\/en\/wp-json\/wp\/v2\/media\/414"}],"wp:attachment":[{"href":"https:\/\/actionmall.act.at\/shop\/1271\/en\/wp-json\/wp\/v2\/media?parent=456"}],"wp:term":[{"taxonomy":"product_cat","embeddable":true,"href":"https:\/\/actionmall.act.at\/shop\/1271\/en\/wp-json\/wp\/v2\/product_cat?post=456"},{"taxonomy":"product_tag","embeddable":true,"href":"https:\/\/actionmall.act.at\/shop\/1271\/en\/wp-json\/wp\/v2\/product_tag?post=456"}],"curies":[{"name":"wp","href":"https:\/\/api.w.org\/{rel}","templated":true}]}}