{"id":457,"date":"2025-12-09T09:51:09","date_gmt":"2025-12-09T08:51:09","guid":{"rendered":"https:\/\/actionmall.act.at\/shop\/1271\/?post_type=product&#038;p=457"},"modified":"2025-12-09T09:51:10","modified_gmt":"2025-12-09T08:51:10","slug":"greed-mk2-pro-intel-high-end-4k-pc","status":"publish","type":"product","link":"https:\/\/actionmall.act.at\/shop\/1271\/en\/produkt\/greed-mk2-pro-intel-high-end-4k-pc\/","title":{"rendered":"GREED MK2 Pro Intel \u2013 High End 4K PC"},"content":{"rendered":"<p data-start=\"3027\" data-end=\"3197\">Ein extrem leistungsstarker Gaming-PC f\u00fcr fl\u00fcssiges Spielen in 4K.<br data-start=\"3136\" data-end=\"3139\" \/>Perfekt f\u00fcr anspruchsvolle Gamer und kreative Anwendungen.<\/p>\n","protected":false},"excerpt":{"rendered":"<p>Ein extrem leistungsstarker Gaming-PC f\u00fcr fl\u00fcssiges Spielen in 4K.Perfekt f\u00fcr anspruchsvolle Gamer und kreative Anwendungen.<\/p>\n","protected":false},"featured_media":415,"template":"","meta":[],"product_cat":[],"product_tag":[],"class_list":{"0":"post-457","1":"product","2":"type-product","3":"status-publish","4":"has-post-thumbnail","7":"first","8":"instock","9":"taxable","10":"shipping-taxable","11":"purchasable","12":"product-type-simple"},"_links":{"self":[{"href":"https:\/\/actionmall.act.at\/shop\/1271\/en\/wp-json\/wp\/v2\/product\/457"}],"collection":[{"href":"https:\/\/actionmall.act.at\/shop\/1271\/en\/wp-json\/wp\/v2\/product"}],"about":[{"href":"https:\/\/actionmall.act.at\/shop\/1271\/en\/wp-json\/wp\/v2\/types\/product"}],"wp:featuredmedia":[{"embeddable":true,"href":"https:\/\/actionmall.act.at\/shop\/1271\/en\/wp-json\/wp\/v2\/media\/415"}],"wp:attachment":[{"href":"https:\/\/actionmall.act.at\/shop\/1271\/en\/wp-json\/wp\/v2\/media?parent=457"}],"wp:term":[{"taxonomy":"product_cat","embeddable":true,"href":"https:\/\/actionmall.act.at\/shop\/1271\/en\/wp-json\/wp\/v2\/product_cat?post=457"},{"taxonomy":"product_tag","embeddable":true,"href":"https:\/\/actionmall.act.at\/shop\/1271\/en\/wp-json\/wp\/v2\/product_tag?post=457"}],"curies":[{"name":"wp","href":"https:\/\/api.w.org\/{rel}","templated":true}]}}