{"id":471,"date":"2025-12-09T10:17:08","date_gmt":"2025-12-09T09:17:08","guid":{"rendered":"https:\/\/actionmall.act.at\/shop\/1271\/?post_type=product&#038;p=471"},"modified":"2025-12-09T10:17:08","modified_gmt":"2025-12-09T09:17:08","slug":"logitech-g305-gaming-maus","status":"publish","type":"product","link":"https:\/\/actionmall.act.at\/shop\/1271\/en\/produkt\/logitech-g305-gaming-maus\/","title":{"rendered":"Logitech G305 Gaming Maus"},"content":{"rendered":"<p>Leichte, kabellose Gaming-Maus mit pr\u00e4zisem Sensor.<br data-start=\"4050\" data-end=\"4053\" \/>Perfekt f\u00fcr schnelle Spiele und zuverl\u00e4ssige Kontrolle.<\/p>\n","protected":false},"excerpt":{"rendered":"<p>Leichte, kabellose Gaming-Maus mit pr\u00e4zisem Sensor.Perfekt f\u00fcr schnelle Spiele und zuverl\u00e4ssige Kontrolle.<\/p>\n","protected":false},"featured_media":472,"template":"","meta":[],"product_cat":[],"product_tag":[],"class_list":{"0":"post-471","1":"product","2":"type-product","3":"status-publish","4":"has-post-thumbnail","7":"first","8":"instock","9":"taxable","10":"shipping-taxable","11":"purchasable","12":"product-type-simple"},"_links":{"self":[{"href":"https:\/\/actionmall.act.at\/shop\/1271\/en\/wp-json\/wp\/v2\/product\/471"}],"collection":[{"href":"https:\/\/actionmall.act.at\/shop\/1271\/en\/wp-json\/wp\/v2\/product"}],"about":[{"href":"https:\/\/actionmall.act.at\/shop\/1271\/en\/wp-json\/wp\/v2\/types\/product"}],"wp:featuredmedia":[{"embeddable":true,"href":"https:\/\/actionmall.act.at\/shop\/1271\/en\/wp-json\/wp\/v2\/media\/472"}],"wp:attachment":[{"href":"https:\/\/actionmall.act.at\/shop\/1271\/en\/wp-json\/wp\/v2\/media?parent=471"}],"wp:term":[{"taxonomy":"product_cat","embeddable":true,"href":"https:\/\/actionmall.act.at\/shop\/1271\/en\/wp-json\/wp\/v2\/product_cat?post=471"},{"taxonomy":"product_tag","embeddable":true,"href":"https:\/\/actionmall.act.at\/shop\/1271\/en\/wp-json\/wp\/v2\/product_tag?post=471"}],"curies":[{"name":"wp","href":"https:\/\/api.w.org\/{rel}","templated":true}]}}