{"id":485,"date":"2025-12-09T10:28:52","date_gmt":"2025-12-09T09:28:52","guid":{"rendered":"https:\/\/actionmall.act.at\/shop\/1271\/?post_type=product&#038;p=485"},"modified":"2025-12-16T10:16:54","modified_gmt":"2025-12-16T09:16:54","slug":"logitech-slim-folio","status":"publish","type":"product","link":"https:\/\/actionmall.act.at\/shop\/1271\/en\/produkt\/logitech-slim-folio\/","title":{"rendered":"JBL Bluetooth-Lautsprecher Go4"},"content":{"rendered":"<p>Der JBL Go 4 ist ein kompakter Bluetooth-Lautsprecher mit kraftvollem JBL Pro Sound. Dank IP67-Schutz ist er wasser- und staubdicht \u2013 perfekt f\u00fcr unterwegs. Ideal f\u00fcr alle, die gro\u00dfen Sound im kleinen Format suchen.<\/p>\n","protected":false},"excerpt":{"rendered":"<p>Der JBL Go 4 ist ein kompakter Bluetooth-Lautsprecher mit kraftvollem JBL Pro Sound. Dank IP67-Schutz ist er wasser- und staubdicht \u2013 perfekt f\u00fcr unterwegs. Ideal f\u00fcr alle, die gro\u00dfen Sound im kleinen Format suchen.<\/p>\n","protected":false},"featured_media":508,"template":"","meta":[],"product_cat":[],"product_tag":[],"class_list":{"0":"post-485","1":"product","2":"type-product","3":"status-publish","4":"has-post-thumbnail","7":"first","8":"instock","9":"taxable","10":"shipping-taxable","11":"purchasable","12":"product-type-simple"},"_links":{"self":[{"href":"https:\/\/actionmall.act.at\/shop\/1271\/en\/wp-json\/wp\/v2\/product\/485"}],"collection":[{"href":"https:\/\/actionmall.act.at\/shop\/1271\/en\/wp-json\/wp\/v2\/product"}],"about":[{"href":"https:\/\/actionmall.act.at\/shop\/1271\/en\/wp-json\/wp\/v2\/types\/product"}],"wp:featuredmedia":[{"embeddable":true,"href":"https:\/\/actionmall.act.at\/shop\/1271\/en\/wp-json\/wp\/v2\/media\/508"}],"wp:attachment":[{"href":"https:\/\/actionmall.act.at\/shop\/1271\/en\/wp-json\/wp\/v2\/media?parent=485"}],"wp:term":[{"taxonomy":"product_cat","embeddable":true,"href":"https:\/\/actionmall.act.at\/shop\/1271\/en\/wp-json\/wp\/v2\/product_cat?post=485"},{"taxonomy":"product_tag","embeddable":true,"href":"https:\/\/actionmall.act.at\/shop\/1271\/en\/wp-json\/wp\/v2\/product_tag?post=485"}],"curies":[{"name":"wp","href":"https:\/\/api.w.org\/{rel}","templated":true}]}}