{"id":520,"date":"2026-01-27T09:18:16","date_gmt":"2026-01-27T08:18:16","guid":{"rendered":"https:\/\/actionmall.act.at\/shop\/1271\/?post_type=product&#038;p=520"},"modified":"2026-01-27T09:21:59","modified_gmt":"2026-01-27T08:21:59","slug":"solar-power-go","status":"publish","type":"product","link":"https:\/\/actionmall.act.at\/shop\/1271\/en\/produkt\/solar-power-go\/","title":{"rendered":"Solar Power Go"},"content":{"rendered":"<p>Die Solar Power Go ist eine kompakte, mobile Powerbank mit Solarladefunktion \u2013 ideal f\u00fcr unterwegs, Outdoor-Abenteuer und Reisen. Sie versorgt Smartphones und andere Ger\u00e4te zuverl\u00e4ssig mit Energie, auch fernab von Steckdosen.<\/p>\n","protected":false},"excerpt":{"rendered":"<p>Die Solar Power Go ist eine kompakte, mobile Powerbank mit Solarladefunktion \u2013 ideal f\u00fcr unterwegs, Outdoor-Abenteuer und Reisen. Sie versorgt Smartphones und andere Ger\u00e4te zuverl\u00e4ssig mit Energie, auch fernab von Steckdosen.<\/p>\n","protected":false},"featured_media":524,"template":"","meta":[],"product_cat":[],"product_tag":[],"class_list":{"0":"post-520","1":"product","2":"type-product","3":"status-publish","4":"has-post-thumbnail","7":"first","8":"instock","9":"taxable","10":"shipping-taxable","11":"purchasable","12":"product-type-simple"},"_links":{"self":[{"href":"https:\/\/actionmall.act.at\/shop\/1271\/en\/wp-json\/wp\/v2\/product\/520"}],"collection":[{"href":"https:\/\/actionmall.act.at\/shop\/1271\/en\/wp-json\/wp\/v2\/product"}],"about":[{"href":"https:\/\/actionmall.act.at\/shop\/1271\/en\/wp-json\/wp\/v2\/types\/product"}],"wp:featuredmedia":[{"embeddable":true,"href":"https:\/\/actionmall.act.at\/shop\/1271\/en\/wp-json\/wp\/v2\/media\/524"}],"wp:attachment":[{"href":"https:\/\/actionmall.act.at\/shop\/1271\/en\/wp-json\/wp\/v2\/media?parent=520"}],"wp:term":[{"taxonomy":"product_cat","embeddable":true,"href":"https:\/\/actionmall.act.at\/shop\/1271\/en\/wp-json\/wp\/v2\/product_cat?post=520"},{"taxonomy":"product_tag","embeddable":true,"href":"https:\/\/actionmall.act.at\/shop\/1271\/en\/wp-json\/wp\/v2\/product_tag?post=520"}],"curies":[{"name":"wp","href":"https:\/\/api.w.org\/{rel}","templated":true}]}}