{"id":579,"date":"2026-05-05T08:33:29","date_gmt":"2026-05-05T06:33:29","guid":{"rendered":"https:\/\/actionmall.act.at\/shop\/1271\/?post_type=product&#038;p=579"},"modified":"2026-05-05T08:33:29","modified_gmt":"2026-05-05T06:33:29","slug":"asus-tuf-gaming-monitor","status":"publish","type":"product","link":"https:\/\/actionmall.act.at\/shop\/1271\/en\/produkt\/asus-tuf-gaming-monitor\/","title":{"rendered":"Asus TUF Gaming Monitor"},"content":{"rendered":"<p><span data-teams=\"true\">Der ASUS Gaming Monitor RUF bietet schnelle Reaktionszeiten und fl\u00fcssige Bildwiedergabe f\u00fcr ein intensives Gaming-Erlebnis. Perfekt f\u00fcr ambitionierte Spieler, die Wert auf Performance und modernes Design legen.<\/span><\/p>\n","protected":false},"excerpt":{"rendered":"<p>Der ASUS Gaming Monitor RUF bietet schnelle Reaktionszeiten und fl\u00fcssige Bildwiedergabe f\u00fcr ein intensives Gaming-Erlebnis. Perfekt f\u00fcr ambitionierte Spieler, die Wert auf Performance und modernes Design legen.<\/p>\n","protected":false},"featured_media":580,"template":"","meta":[],"product_cat":[58],"product_tag":[],"class_list":{"0":"post-579","1":"product","2":"type-product","3":"status-publish","4":"has-post-thumbnail","6":"product_cat-it-und-elektronik","8":"first","9":"instock","10":"taxable","11":"shipping-taxable","12":"purchasable","13":"product-type-simple"},"_links":{"self":[{"href":"https:\/\/actionmall.act.at\/shop\/1271\/en\/wp-json\/wp\/v2\/product\/579"}],"collection":[{"href":"https:\/\/actionmall.act.at\/shop\/1271\/en\/wp-json\/wp\/v2\/product"}],"about":[{"href":"https:\/\/actionmall.act.at\/shop\/1271\/en\/wp-json\/wp\/v2\/types\/product"}],"wp:featuredmedia":[{"embeddable":true,"href":"https:\/\/actionmall.act.at\/shop\/1271\/en\/wp-json\/wp\/v2\/media\/580"}],"wp:attachment":[{"href":"https:\/\/actionmall.act.at\/shop\/1271\/en\/wp-json\/wp\/v2\/media?parent=579"}],"wp:term":[{"taxonomy":"product_cat","embeddable":true,"href":"https:\/\/actionmall.act.at\/shop\/1271\/en\/wp-json\/wp\/v2\/product_cat?post=579"},{"taxonomy":"product_tag","embeddable":true,"href":"https:\/\/actionmall.act.at\/shop\/1271\/en\/wp-json\/wp\/v2\/product_tag?post=579"}],"curies":[{"name":"wp","href":"https:\/\/api.w.org\/{rel}","templated":true}]}}