{"id":252,"date":"2024-11-20T09:51:57","date_gmt":"2024-11-20T08:51:57","guid":{"rendered":"https:\/\/actionmall.act.at\/shop\/1271\/?post_type=product&#038;p=252"},"modified":"2025-11-18T08:35:35","modified_gmt":"2025-11-18T07:35:35","slug":"samsung-smart-monitor-m7-m70b","status":"publish","type":"product","link":"https:\/\/actionmall.act.at\/shop\/1271\/produkt\/samsung-smart-monitor-m7-m70b\/","title":{"rendered":"Samsung Smart Monitor M7 M70B"},"content":{"rendered":"<p>Der Samsung Smart Monitor M7 M70B ist ein vielseitiger 32-Zoll 4K UHD-Monitor, der sowohl als PC-Monitor als auch als Smart-TV fungiert. Mit integriertem Tizen-Betriebssystem k\u00f6nnen Nutzer Streaming-Dienste wie Netflix und YouTube direkt nutzen, ohne einen externen PC anzuschlie\u00dfen. Er bietet Funktionen wie Cloud-Gaming, Remote Desktop und den Zugang zu Microsoft Office 365, ideal f\u00fcr Arbeit und Freizeit. Der Monitor unterst\u00fctzt Screen Mirroring, hat einen USB-C-Anschluss f\u00fcr einfache Verbindungen und eine ergonomische Anpassbarkeit f\u00fcr maximalen Komfort.<\/p>\n","protected":false},"excerpt":{"rendered":"<p>Der Samsung Smart Monitor M7 M70B ist ein vielseitiger 32-Zoll 4K UHD-Monitor, der sowohl als PC-Monitor als auch als Smart-TV fungiert. Mit integriertem Tizen-Betriebssystem k\u00f6nnen Nutzer Streaming-Dienste wie Netflix und YouTube direkt nutzen, ohne einen externen PC anzuschlie\u00dfen. Er bietet Funktionen wie Cloud-Gaming, Remote Desktop und den Zugang zu Microsoft Office 365, ideal f\u00fcr Arbeit [&hellip;]<\/p>\n","protected":false},"featured_media":393,"template":"","meta":[],"product_cat":[],"product_tag":[],"class_list":{"0":"post-252","1":"product","2":"type-product","3":"status-publish","4":"has-post-thumbnail","7":"first","8":"instock","9":"taxable","10":"shipping-taxable","11":"purchasable","12":"product-type-simple"},"_links":{"self":[{"href":"https:\/\/actionmall.act.at\/shop\/1271\/wp-json\/wp\/v2\/product\/252"}],"collection":[{"href":"https:\/\/actionmall.act.at\/shop\/1271\/wp-json\/wp\/v2\/product"}],"about":[{"href":"https:\/\/actionmall.act.at\/shop\/1271\/wp-json\/wp\/v2\/types\/product"}],"wp:featuredmedia":[{"embeddable":true,"href":"https:\/\/actionmall.act.at\/shop\/1271\/wp-json\/wp\/v2\/media\/393"}],"wp:attachment":[{"href":"https:\/\/actionmall.act.at\/shop\/1271\/wp-json\/wp\/v2\/media?parent=252"}],"wp:term":[{"taxonomy":"product_cat","embeddable":true,"href":"https:\/\/actionmall.act.at\/shop\/1271\/wp-json\/wp\/v2\/product_cat?post=252"},{"taxonomy":"product_tag","embeddable":true,"href":"https:\/\/actionmall.act.at\/shop\/1271\/wp-json\/wp\/v2\/product_tag?post=252"}],"curies":[{"name":"wp","href":"https:\/\/api.w.org\/{rel}","templated":true}]}}