{"id":256,"date":"2024-11-20T10:01:33","date_gmt":"2024-11-20T09:01:33","guid":{"rendered":"https:\/\/actionmall.act.at\/shop\/1271\/?post_type=product&#038;p=256"},"modified":"2025-11-18T08:33:24","modified_gmt":"2025-11-18T07:33:24","slug":"lenovo-ideapad-3-notebook","status":"publish","type":"product","link":"https:\/\/actionmall.act.at\/shop\/1271\/produkt\/lenovo-ideapad-3-notebook\/","title":{"rendered":"Lenovo Ideapad 3 Notebook"},"content":{"rendered":"<p>Das Lenovo IdeaPad 3 ist ein preiswertes und leistungsf\u00e4higes Notebook, das f\u00fcr den t\u00e4glichen Gebrauch geeignet ist. Es verf\u00fcgt \u00fcber verschiedene Konfigurationen, die mit Intel Core oder AMD Ryzen Prozessoren ausgestattet sind und bis zu 8 GB RAM sowie 512 GB SSD bieten. Mit einem 15,6 Zoll Full-HD-Display ist es ideal f\u00fcr Arbeit, Studium und Unterhaltung. Der Laptop bietet eine gute Batterielaufzeit, eine schnelle SSD f\u00fcr schnelle Ladezeiten und eine Vielzahl von Anschl\u00fcssen wie USB, HDMI und SD-Kartenleser. Es ist ein zuverl\u00e4ssiger Begleiter f\u00fcr preisbewusste Nutzer.<\/p>\n","protected":false},"excerpt":{"rendered":"<p>Das Lenovo IdeaPad 3 ist ein preiswertes und leistungsf\u00e4higes Notebook, das f\u00fcr den t\u00e4glichen Gebrauch geeignet ist. Es verf\u00fcgt \u00fcber verschiedene Konfigurationen, die mit Intel Core oder AMD Ryzen Prozessoren ausgestattet sind und bis zu 8 GB RAM sowie 512 GB SSD bieten. Mit einem 15,6 Zoll Full-HD-Display ist es ideal f\u00fcr Arbeit, Studium und [&hellip;]<\/p>\n","protected":false},"featured_media":407,"template":"","meta":[],"product_cat":[],"product_tag":[],"class_list":{"0":"post-256","1":"product","2":"type-product","3":"status-publish","4":"has-post-thumbnail","7":"first","8":"instock","9":"taxable","10":"shipping-taxable","11":"purchasable","12":"product-type-simple"},"_links":{"self":[{"href":"https:\/\/actionmall.act.at\/shop\/1271\/wp-json\/wp\/v2\/product\/256"}],"collection":[{"href":"https:\/\/actionmall.act.at\/shop\/1271\/wp-json\/wp\/v2\/product"}],"about":[{"href":"https:\/\/actionmall.act.at\/shop\/1271\/wp-json\/wp\/v2\/types\/product"}],"wp:featuredmedia":[{"embeddable":true,"href":"https:\/\/actionmall.act.at\/shop\/1271\/wp-json\/wp\/v2\/media\/407"}],"wp:attachment":[{"href":"https:\/\/actionmall.act.at\/shop\/1271\/wp-json\/wp\/v2\/media?parent=256"}],"wp:term":[{"taxonomy":"product_cat","embeddable":true,"href":"https:\/\/actionmall.act.at\/shop\/1271\/wp-json\/wp\/v2\/product_cat?post=256"},{"taxonomy":"product_tag","embeddable":true,"href":"https:\/\/actionmall.act.at\/shop\/1271\/wp-json\/wp\/v2\/product_tag?post=256"}],"curies":[{"name":"wp","href":"https:\/\/api.w.org\/{rel}","templated":true}]}}