{"id":259,"date":"2024-11-20T10:04:05","date_gmt":"2024-11-20T09:04:05","guid":{"rendered":"https:\/\/actionmall.act.at\/shop\/1271\/?post_type=product&#038;p=259"},"modified":"2025-11-18T09:48:07","modified_gmt":"2025-11-18T08:48:07","slug":"appel-iphone-16-256gb","status":"publish","type":"product","link":"https:\/\/actionmall.act.at\/shop\/1271\/produkt\/appel-iphone-16-256gb\/","title":{"rendered":"Apple IPhone 16 256GB"},"content":{"rendered":"<p>Das Apple iPhone 16 256GB bietet eine leistungsstarke A17 Bionic Chip-Leistung und ein 6,1 Zoll Super Retina XDR Display, das lebendige Farben und gestochen scharfe Details liefert. Mit 256 GB internem Speicher bietet es ausreichend Platz f\u00fcr Apps, Fotos und Videos. Die verbesserte Kamera-Technologie sorgt f\u00fcr beeindruckende Fotos und Videos, auch bei schwachem Licht. Das iPhone 16 unterst\u00fctzt 5G, hat eine lange Batterielaufzeit und ist mit iOS ausgestattet, das ein benutzerfreundliches und sicheres Erlebnis bietet.<\/p>\n","protected":false},"excerpt":{"rendered":"<p>Das Apple iPhone 16 256GB bietet eine leistungsstarke A17 Bionic Chip-Leistung und ein 6,1 Zoll Super Retina XDR Display, das lebendige Farben und gestochen scharfe Details liefert. Mit 256 GB internem Speicher bietet es ausreichend Platz f\u00fcr Apps, Fotos und Videos. Die verbesserte Kamera-Technologie sorgt f\u00fcr beeindruckende Fotos und Videos, auch bei schwachem Licht. Das [&hellip;]<\/p>\n","protected":false},"featured_media":425,"template":"","meta":[],"product_cat":[],"product_tag":[],"class_list":{"0":"post-259","1":"product","2":"type-product","3":"status-publish","4":"has-post-thumbnail","7":"first","8":"instock","9":"taxable","10":"shipping-taxable","11":"purchasable","12":"product-type-simple"},"_links":{"self":[{"href":"https:\/\/actionmall.act.at\/shop\/1271\/wp-json\/wp\/v2\/product\/259"}],"collection":[{"href":"https:\/\/actionmall.act.at\/shop\/1271\/wp-json\/wp\/v2\/product"}],"about":[{"href":"https:\/\/actionmall.act.at\/shop\/1271\/wp-json\/wp\/v2\/types\/product"}],"wp:featuredmedia":[{"embeddable":true,"href":"https:\/\/actionmall.act.at\/shop\/1271\/wp-json\/wp\/v2\/media\/425"}],"wp:attachment":[{"href":"https:\/\/actionmall.act.at\/shop\/1271\/wp-json\/wp\/v2\/media?parent=259"}],"wp:term":[{"taxonomy":"product_cat","embeddable":true,"href":"https:\/\/actionmall.act.at\/shop\/1271\/wp-json\/wp\/v2\/product_cat?post=259"},{"taxonomy":"product_tag","embeddable":true,"href":"https:\/\/actionmall.act.at\/shop\/1271\/wp-json\/wp\/v2\/product_tag?post=259"}],"curies":[{"name":"wp","href":"https:\/\/api.w.org\/{rel}","templated":true}]}}