{"id":265,"date":"2024-11-20T10:08:07","date_gmt":"2024-11-20T09:08:07","guid":{"rendered":"https:\/\/actionmall.act.at\/shop\/1271\/?post_type=product&#038;p=265"},"modified":"2025-11-18T08:30:36","modified_gmt":"2025-11-18T07:30:36","slug":"microsoft-360","status":"publish","type":"product","link":"https:\/\/actionmall.act.at\/shop\/1271\/produkt\/microsoft-360\/","title":{"rendered":"Microsoft 360"},"content":{"rendered":"<p>Microsoft 365 ist ein abonnementbasierter Dienst, der eine Reihe von Produktivit\u00e4tsanwendungen wie Word, Excel, PowerPoint und Outlook umfasst. Zus\u00e4tzlich bietet es OneDrive f\u00fcr Cloud-Speicher, Teams f\u00fcr Zusammenarbeit und Exchange f\u00fcr E-Mail-Dienste. Microsoft 365 ist sowohl f\u00fcr Privatpersonen als auch f\u00fcr Unternehmen verf\u00fcgbar und erm\u00f6glicht den Zugriff auf die Apps und Dateien auf verschiedenen Ger\u00e4ten, mit regelm\u00e4\u00dfigen Updates und erweiterten Sicherheitsfunktionen.<\/p>\n","protected":false},"excerpt":{"rendered":"<p>Microsoft 365 ist ein abonnementbasierter Dienst, der eine Reihe von Produktivit\u00e4tsanwendungen wie Word, Excel, PowerPoint und Outlook umfasst. Zus\u00e4tzlich bietet es OneDrive f\u00fcr Cloud-Speicher, Teams f\u00fcr Zusammenarbeit und Exchange f\u00fcr E-Mail-Dienste. Microsoft 365 ist sowohl f\u00fcr Privatpersonen als auch f\u00fcr Unternehmen verf\u00fcgbar und erm\u00f6glicht den Zugriff auf die Apps und Dateien auf verschiedenen Ger\u00e4ten, mit [&hellip;]<\/p>\n","protected":false},"featured_media":417,"template":"","meta":[],"product_cat":[],"product_tag":[],"class_list":{"0":"post-265","1":"product","2":"type-product","3":"status-publish","4":"has-post-thumbnail","7":"first","8":"instock","9":"taxable","10":"shipping-taxable","11":"purchasable","12":"product-type-simple"},"_links":{"self":[{"href":"https:\/\/actionmall.act.at\/shop\/1271\/wp-json\/wp\/v2\/product\/265"}],"collection":[{"href":"https:\/\/actionmall.act.at\/shop\/1271\/wp-json\/wp\/v2\/product"}],"about":[{"href":"https:\/\/actionmall.act.at\/shop\/1271\/wp-json\/wp\/v2\/types\/product"}],"wp:featuredmedia":[{"embeddable":true,"href":"https:\/\/actionmall.act.at\/shop\/1271\/wp-json\/wp\/v2\/media\/417"}],"wp:attachment":[{"href":"https:\/\/actionmall.act.at\/shop\/1271\/wp-json\/wp\/v2\/media?parent=265"}],"wp:term":[{"taxonomy":"product_cat","embeddable":true,"href":"https:\/\/actionmall.act.at\/shop\/1271\/wp-json\/wp\/v2\/product_cat?post=265"},{"taxonomy":"product_tag","embeddable":true,"href":"https:\/\/actionmall.act.at\/shop\/1271\/wp-json\/wp\/v2\/product_tag?post=265"}],"curies":[{"name":"wp","href":"https:\/\/api.w.org\/{rel}","templated":true}]}}