{"id":269,"date":"2024-11-20T10:11:11","date_gmt":"2024-11-20T09:11:11","guid":{"rendered":"https:\/\/actionmall.act.at\/shop\/1271\/?post_type=product&#038;p=269"},"modified":"2025-11-18T08:30:08","modified_gmt":"2025-11-18T07:30:08","slug":"adobe-creative-cloud","status":"publish","type":"product","link":"https:\/\/actionmall.act.at\/shop\/1271\/produkt\/adobe-creative-cloud\/","title":{"rendered":"Adobe creative cloud"},"content":{"rendered":"<p>Adobe Creative Cloud ist ein Abonnementservice, der Zugriff auf eine Sammlung f\u00fchrender Kreativsoftware wie Photoshop, Illustrator, Premiere Pro und After Effects bietet. Mit Creative Cloud k\u00f6nnen Nutzer ihre Projekte auf verschiedenen Ger\u00e4ten erstellen, bearbeiten und speichern, mit Funktionen f\u00fcr Cloud-Speicher, Teamarbeit und Regelm\u00e4\u00dfige Updates. Ideal f\u00fcr Designer, Fotografen, Videoproduzenten und Kreative jeder Art, die professionelle Werkzeuge f\u00fcr Grafikdesign, Videobearbeitung und mehr ben\u00f6tigen.<\/p>\n","protected":false},"excerpt":{"rendered":"<p>Adobe Creative Cloud ist ein Abonnementservice, der Zugriff auf eine Sammlung f\u00fchrender Kreativsoftware wie Photoshop, Illustrator, Premiere Pro und After Effects bietet. Mit Creative Cloud k\u00f6nnen Nutzer ihre Projekte auf verschiedenen Ger\u00e4ten erstellen, bearbeiten und speichern, mit Funktionen f\u00fcr Cloud-Speicher, Teamarbeit und Regelm\u00e4\u00dfige Updates. Ideal f\u00fcr Designer, Fotografen, Videoproduzenten und Kreative jeder Art, die professionelle [&hellip;]<\/p>\n","protected":false},"featured_media":418,"template":"","meta":[],"product_cat":[],"product_tag":[],"class_list":{"0":"post-269","1":"product","2":"type-product","3":"status-publish","4":"has-post-thumbnail","7":"first","8":"instock","9":"taxable","10":"shipping-taxable","11":"purchasable","12":"product-type-simple"},"_links":{"self":[{"href":"https:\/\/actionmall.act.at\/shop\/1271\/wp-json\/wp\/v2\/product\/269"}],"collection":[{"href":"https:\/\/actionmall.act.at\/shop\/1271\/wp-json\/wp\/v2\/product"}],"about":[{"href":"https:\/\/actionmall.act.at\/shop\/1271\/wp-json\/wp\/v2\/types\/product"}],"wp:featuredmedia":[{"embeddable":true,"href":"https:\/\/actionmall.act.at\/shop\/1271\/wp-json\/wp\/v2\/media\/418"}],"wp:attachment":[{"href":"https:\/\/actionmall.act.at\/shop\/1271\/wp-json\/wp\/v2\/media?parent=269"}],"wp:term":[{"taxonomy":"product_cat","embeddable":true,"href":"https:\/\/actionmall.act.at\/shop\/1271\/wp-json\/wp\/v2\/product_cat?post=269"},{"taxonomy":"product_tag","embeddable":true,"href":"https:\/\/actionmall.act.at\/shop\/1271\/wp-json\/wp\/v2\/product_tag?post=269"}],"curies":[{"name":"wp","href":"https:\/\/api.w.org\/{rel}","templated":true}]}}