{"id":273,"date":"2024-11-20T10:14:35","date_gmt":"2024-11-20T09:14:35","guid":{"rendered":"https:\/\/actionmall.act.at\/shop\/1271\/?post_type=product&#038;p=273"},"modified":"2025-11-18T08:29:32","modified_gmt":"2025-11-18T07:29:32","slug":"windows-11-pro","status":"publish","type":"product","link":"https:\/\/actionmall.act.at\/shop\/1271\/produkt\/windows-11-pro\/","title":{"rendered":"Windows 11 Pro"},"content":{"rendered":"<p>Windows 11 Pro ist das professionelle Betriebssystem von Microsoft, das erweiterte Funktionen f\u00fcr Unternehmen und Power-User bietet. Es umfasst alle Funktionen von Windows 11 Home sowie zus\u00e4tzliche Tools wie BitLocker-Verschl\u00fcsselung, Remote Desktop, Gruppenrichtlinienverwaltung und Hyper-V f\u00fcr Virtualisierung. Mit einer benutzerfreundlichen Oberfl\u00e4che, verbesserten Sicherheitsfunktionen und Optimierungen f\u00fcr Produktivit\u00e4t ist Windows 11 Pro ideal f\u00fcr professionelle Anwendungen und Gesch\u00e4ftsumgebungen.<\/p>\n","protected":false},"excerpt":{"rendered":"<p>Windows 11 Pro ist das professionelle Betriebssystem von Microsoft, das erweiterte Funktionen f\u00fcr Unternehmen und Power-User bietet. Es umfasst alle Funktionen von Windows 11 Home sowie zus\u00e4tzliche Tools wie BitLocker-Verschl\u00fcsselung, Remote Desktop, Gruppenrichtlinienverwaltung und Hyper-V f\u00fcr Virtualisierung. Mit einer benutzerfreundlichen Oberfl\u00e4che, verbesserten Sicherheitsfunktionen und Optimierungen f\u00fcr Produktivit\u00e4t ist Windows 11 Pro ideal f\u00fcr professionelle Anwendungen [&hellip;]<\/p>\n","protected":false},"featured_media":422,"template":"","meta":[],"product_cat":[],"product_tag":[],"class_list":{"0":"post-273","1":"product","2":"type-product","3":"status-publish","4":"has-post-thumbnail","7":"first","8":"instock","9":"taxable","10":"shipping-taxable","11":"purchasable","12":"product-type-simple"},"_links":{"self":[{"href":"https:\/\/actionmall.act.at\/shop\/1271\/wp-json\/wp\/v2\/product\/273"}],"collection":[{"href":"https:\/\/actionmall.act.at\/shop\/1271\/wp-json\/wp\/v2\/product"}],"about":[{"href":"https:\/\/actionmall.act.at\/shop\/1271\/wp-json\/wp\/v2\/types\/product"}],"wp:featuredmedia":[{"embeddable":true,"href":"https:\/\/actionmall.act.at\/shop\/1271\/wp-json\/wp\/v2\/media\/422"}],"wp:attachment":[{"href":"https:\/\/actionmall.act.at\/shop\/1271\/wp-json\/wp\/v2\/media?parent=273"}],"wp:term":[{"taxonomy":"product_cat","embeddable":true,"href":"https:\/\/actionmall.act.at\/shop\/1271\/wp-json\/wp\/v2\/product_cat?post=273"},{"taxonomy":"product_tag","embeddable":true,"href":"https:\/\/actionmall.act.at\/shop\/1271\/wp-json\/wp\/v2\/product_tag?post=273"}],"curies":[{"name":"wp","href":"https:\/\/api.w.org\/{rel}","templated":true}]}}