{"id":277,"date":"2024-11-20T10:17:17","date_gmt":"2024-11-20T09:17:17","guid":{"rendered":"https:\/\/actionmall.act.at\/shop\/1271\/?post_type=product&#038;p=277"},"modified":"2025-11-18T09:48:58","modified_gmt":"2025-11-18T08:48:58","slug":"ipad-pro-11-zoll","status":"publish","type":"product","link":"https:\/\/actionmall.act.at\/shop\/1271\/produkt\/ipad-pro-11-zoll\/","title":{"rendered":"Ipad Pro  11 Zoll"},"content":{"rendered":"<p>Das iPad Pro 11 Zoll ist ein leistungsstarkes Tablet von Apple, das mit einem Liquid Retina Display f\u00fcr gestochen scharfe Farben und eine fl\u00fcssige Darstellung ausgestattet ist. Angetrieben von dem Apple M2 Chip bietet es au\u00dfergew\u00f6hnliche Performance f\u00fcr Multitasking, kreative Anwendungen und Gaming. Mit Face ID, einer 12 MP R\u00fcckkamera und 5G-Konnektivit\u00e4t ist es sowohl f\u00fcr professionelle Anwendungen als auch f\u00fcr Unterhaltung perfekt geeignet. Es unterst\u00fctzt auch den Apple Pencil und das Magic Keyboard f\u00fcr ein flexibles und produktives Erlebnis.<\/p>\n","protected":false},"excerpt":{"rendered":"<p>Das iPad Pro 11 Zoll ist ein leistungsstarkes Tablet von Apple, das mit einem Liquid Retina Display f\u00fcr gestochen scharfe Farben und eine fl\u00fcssige Darstellung ausgestattet ist. Angetrieben von dem Apple M2 Chip bietet es au\u00dfergew\u00f6hnliche Performance f\u00fcr Multitasking, kreative Anwendungen und Gaming. Mit Face ID, einer 12 MP R\u00fcckkamera und 5G-Konnektivit\u00e4t ist es sowohl [&hellip;]<\/p>\n","protected":false},"featured_media":427,"template":"","meta":[],"product_cat":[],"product_tag":[],"class_list":{"0":"post-277","1":"product","2":"type-product","3":"status-publish","4":"has-post-thumbnail","7":"first","8":"instock","9":"taxable","10":"shipping-taxable","11":"purchasable","12":"product-type-simple"},"_links":{"self":[{"href":"https:\/\/actionmall.act.at\/shop\/1271\/wp-json\/wp\/v2\/product\/277"}],"collection":[{"href":"https:\/\/actionmall.act.at\/shop\/1271\/wp-json\/wp\/v2\/product"}],"about":[{"href":"https:\/\/actionmall.act.at\/shop\/1271\/wp-json\/wp\/v2\/types\/product"}],"wp:featuredmedia":[{"embeddable":true,"href":"https:\/\/actionmall.act.at\/shop\/1271\/wp-json\/wp\/v2\/media\/427"}],"wp:attachment":[{"href":"https:\/\/actionmall.act.at\/shop\/1271\/wp-json\/wp\/v2\/media?parent=277"}],"wp:term":[{"taxonomy":"product_cat","embeddable":true,"href":"https:\/\/actionmall.act.at\/shop\/1271\/wp-json\/wp\/v2\/product_cat?post=277"},{"taxonomy":"product_tag","embeddable":true,"href":"https:\/\/actionmall.act.at\/shop\/1271\/wp-json\/wp\/v2\/product_tag?post=277"}],"curies":[{"name":"wp","href":"https:\/\/api.w.org\/{rel}","templated":true}]}}