{"id":283,"date":"2024-11-20T10:25:22","date_gmt":"2024-11-20T09:25:22","guid":{"rendered":"https:\/\/actionmall.act.at\/shop\/1271\/?post_type=product&#038;p=283"},"modified":"2025-11-18T08:26:35","modified_gmt":"2025-11-18T07:26:35","slug":"sandisk-128gb","status":"publish","type":"product","link":"https:\/\/actionmall.act.at\/shop\/1271\/produkt\/sandisk-128gb\/","title":{"rendered":"Sandisk 128GB"},"content":{"rendered":"<p>Die <strong>SanDisk 128GB Speicherkarte<\/strong> bietet zuverl\u00e4ssigen und schnellen Speicher f\u00fcr Ihre Ger\u00e4te. Ideal f\u00fcr <strong>Kameras<\/strong>, <strong>Smartphones<\/strong> oder <strong>Tablets<\/strong>, erm\u00f6glicht sie das Speichern von Fotos, Videos und anderen Dateien. Mit hoher <strong>\u00dcbertragungsgeschwindigkeit<\/strong> eignet sie sich auch f\u00fcr 4K-Videoaufnahmen und sorgt f\u00fcr eine schnelle Daten\u00fcbertragung. Dank ihrer robusten Bauweise ist sie <strong>wasserfest<\/strong>, <strong>sto\u00dffest<\/strong> und <strong>temperaturbest\u00e4ndig<\/strong>, was sie zur idealen Wahl f\u00fcr den t\u00e4glichen Gebrauch macht.<\/p>\n","protected":false},"excerpt":{"rendered":"<p>Die SanDisk 128GB Speicherkarte bietet zuverl\u00e4ssigen und schnellen Speicher f\u00fcr Ihre Ger\u00e4te. Ideal f\u00fcr Kameras, Smartphones oder Tablets, erm\u00f6glicht sie das Speichern von Fotos, Videos und anderen Dateien. Mit hoher \u00dcbertragungsgeschwindigkeit eignet sie sich auch f\u00fcr 4K-Videoaufnahmen und sorgt f\u00fcr eine schnelle Daten\u00fcbertragung. Dank ihrer robusten Bauweise ist sie wasserfest, sto\u00dffest und temperaturbest\u00e4ndig, was sie [&hellip;]<\/p>\n","protected":false},"featured_media":420,"template":"","meta":[],"product_cat":[],"product_tag":[],"class_list":{"0":"post-283","1":"product","2":"type-product","3":"status-publish","4":"has-post-thumbnail","7":"first","8":"instock","9":"taxable","10":"shipping-taxable","11":"purchasable","12":"product-type-simple"},"_links":{"self":[{"href":"https:\/\/actionmall.act.at\/shop\/1271\/wp-json\/wp\/v2\/product\/283"}],"collection":[{"href":"https:\/\/actionmall.act.at\/shop\/1271\/wp-json\/wp\/v2\/product"}],"about":[{"href":"https:\/\/actionmall.act.at\/shop\/1271\/wp-json\/wp\/v2\/types\/product"}],"wp:featuredmedia":[{"embeddable":true,"href":"https:\/\/actionmall.act.at\/shop\/1271\/wp-json\/wp\/v2\/media\/420"}],"wp:attachment":[{"href":"https:\/\/actionmall.act.at\/shop\/1271\/wp-json\/wp\/v2\/media?parent=283"}],"wp:term":[{"taxonomy":"product_cat","embeddable":true,"href":"https:\/\/actionmall.act.at\/shop\/1271\/wp-json\/wp\/v2\/product_cat?post=283"},{"taxonomy":"product_tag","embeddable":true,"href":"https:\/\/actionmall.act.at\/shop\/1271\/wp-json\/wp\/v2\/product_tag?post=283"}],"curies":[{"name":"wp","href":"https:\/\/api.w.org\/{rel}","templated":true}]}}