{"id":357,"date":"2025-05-07T09:15:40","date_gmt":"2025-05-07T07:15:40","guid":{"rendered":"https:\/\/actionmall.act.at\/shop\/1271\/?post_type=product&#038;p=357"},"modified":"2025-11-18T08:22:25","modified_gmt":"2025-11-18T07:22:25","slug":"garmin-smartwatch-forerunner-55-schwarz-mit-silikon-wechselarmband-20mm","status":"publish","type":"product","link":"https:\/\/actionmall.act.at\/shop\/1271\/produkt\/garmin-smartwatch-forerunner-55-schwarz-mit-silikon-wechselarmband-20mm\/","title":{"rendered":"GARMIN Smartwatch Forerunner\u00ae 55 Schwarz mit Silikon-Wechselarmband 20mm"},"content":{"rendered":"<div>\n<table class=\"sc-4fa5c86b-0 ghZSzg\">\n<tbody class=\"sc-18c0a0ab-0 hjSrbh\">\n<tr class=\"sc-cda3276b-0 iNKSCY\">\n<td class=\"sc-27ebc524-0 iIdXkJ\">\n<p class=\"sc-d571b66f-0 loPDEU\">Produkttyp<\/p>\n<\/td>\n<td class=\"sc-27ebc524-0 ca-dqbf sc-62876dae-1 iHRbEb\">\n<p class=\"sc-d571b66f-0 htKvVi\">Smartwatch<\/p>\n<\/td>\n<\/tr>\n<tr class=\"sc-cda3276b-0 iNKSCY\">\n<td class=\"sc-27ebc524-0 iIdXkJ\">\n<p class=\"sc-d571b66f-0 loPDEU\">Kompatible Betriebssysteme<\/p>\n<\/td>\n<td class=\"sc-27ebc524-0 ca-dqbf sc-62876dae-1 iHRbEb\">\n<p class=\"sc-d571b66f-0 htKvVi\">Android, iOS<\/p>\n<\/td>\n<\/tr>\n<tr class=\"sc-cda3276b-0 iNKSCY\">\n<td class=\"sc-27ebc524-0 iIdXkJ\">\n<p class=\"sc-d571b66f-0 loPDEU\">Bluetooth<\/p>\n<\/td>\n<td class=\"sc-27ebc524-0 ca-dqbf sc-62876dae-1 iHRbEb\">\n<p class=\"sc-d571b66f-0 htKvVi\">Ja<\/p>\n<\/td>\n<\/tr>\n<\/tbody>\n<\/table>\n<table class=\"sc-4fa5c86b-0 ghZSzg\">\n<thead class=\"sc-4d4fd441-0 fAxnSG\">\n<tr class=\"sc-cda3276b-0 iNKSCY\">\n<th class=\"sc-27ebc524-0 Lhmuk\" colspan=\"2\">\n<p class=\"sc-d571b66f-0 fzjFGK\">Anzeige\/Steuerung<\/p>\n<\/th>\n<\/tr>\n<\/thead>\n<tbody class=\"sc-18c0a0ab-0 hjSrbh\">\n<tr class=\"sc-cda3276b-0 iNKSCY\">\n<td class=\"sc-27ebc524-0 iIdXkJ\">\n<p class=\"sc-d571b66f-0 loPDEU\">Display<\/p>\n<\/td>\n<td class=\"sc-27ebc524-0 ca-dqbf sc-62876dae-1 iHRbEb\">\n<p class=\"sc-d571b66f-0 htKvVi\">Chemisch verst\u00e4rktes Glas<\/p>\n<\/td>\n<\/tr>\n<tr class=\"sc-cda3276b-0 iNKSCY\">\n<td class=\"sc-27ebc524-0 iIdXkJ\">\n<p class=\"sc-d571b66f-0 loPDEU\">Touchscreen<\/p>\n<\/td>\n<td class=\"sc-27ebc524-0 ca-dqbf sc-62876dae-1 iHRbEb\">\n<p class=\"sc-d571b66f-0 htKvVi\">Ja<\/p>\n<\/td>\n<\/tr>\n<tr class=\"sc-cda3276b-0 iNKSCY\">\n<td class=\"sc-27ebc524-0 iIdXkJ\">\n<p class=\"sc-d571b66f-0 loPDEU\">Farbdisplay<\/p>\n<\/td>\n<td class=\"sc-27ebc524-0 ca-dqbf sc-62876dae-1 iHRbEb\">\n<p class=\"sc-d571b66f-0 htKvVi\">Ja<\/p>\n<\/td>\n<\/tr>\n<tr class=\"sc-cda3276b-0 iNKSCY\">\n<td class=\"sc-27ebc524-0 iIdXkJ\">\n<p class=\"sc-d571b66f-0 loPDEU\">Bildschirmdiagonale (cm)<\/p>\n<\/td>\n<td class=\"sc-27ebc524-0 ca-dqbf sc-62876dae-1 iHRbEb\">\n<p class=\"sc-d571b66f-0 htKvVi\">2.63 cm<\/p>\n<\/td>\n<\/tr>\n<tr class=\"sc-cda3276b-0 iNKSCY\">\n<td class=\"sc-27ebc524-0 iIdXkJ\">\n<p class=\"sc-d571b66f-0 loPDEU\">Bildschirmdiagonale (Zoll)<\/p>\n<\/td>\n<td class=\"sc-27ebc524-0 ca-dqbf sc-62876dae-1 iHRbEb\">\n<p class=\"sc-d571b66f-0 htKvVi\">1.04 Zoll<\/p>\n<\/td>\n<\/tr>\n<tr class=\"sc-cda3276b-0 iNKSCY\">\n<td class=\"sc-27ebc524-0 iIdXkJ\">\n<p class=\"sc-d571b66f-0 loPDEU\">Aufl\u00f6sung Breite<\/p>\n<\/td>\n<td class=\"sc-27ebc524-0 ca-dqbf sc-62876dae-1 iHRbEb\">\n<p class=\"sc-d571b66f-0 htKvVi\">208 Pixel<\/p>\n<\/td>\n<\/tr>\n<tr class=\"sc-cda3276b-0 iNKSCY\">\n<td class=\"sc-27ebc524-0 iIdXkJ\">\n<p class=\"sc-d571b66f-0 loPDEU\">Aufl\u00f6sung H\u00f6he<\/p>\n<\/td>\n<td class=\"sc-27ebc524-0 ca-dqbf sc-62876dae-1 iHRbEb\">\n<p class=\"sc-d571b66f-0 htKvVi\">208 Pixel<\/p>\n<\/td>\n<\/tr>\n<tr class=\"sc-cda3276b-0 iNKSCY\">\n<td class=\"sc-27ebc524-0 iIdXkJ\">\n<p class=\"sc-d571b66f-0 loPDEU\">Bedienung \u00fcber<\/p>\n<\/td>\n<td class=\"sc-27ebc524-0 ca-dqbf sc-62876dae-1 iHRbEb\">\n<p class=\"sc-d571b66f-0 htKvVi\">Musiksteuerung, Sprachsteuerung, Telefonfunktion, Touch<\/p>\n<\/td>\n<\/tr>\n<tr class=\"sc-cda3276b-0 iNKSCY\">\n<td class=\"sc-27ebc524-0 iIdXkJ\">\n<p class=\"sc-d571b66f-0 loPDEU\">Benachrichtigung \u00fcber<\/p>\n<\/td>\n<td class=\"sc-27ebc524-0 ca-dqbf sc-62876dae-1 iHRbEb\">\n<p class=\"sc-d571b66f-0 htKvVi\">Kalender, Anrufe, App<\/p>\n<\/td>\n<\/tr>\n<tr class=\"sc-cda3276b-0 iNKSCY\">\n<td class=\"sc-27ebc524-0 iIdXkJ\">\n<p class=\"sc-d571b66f-0 loPDEU\">Aufzeichnungen und Anzeige von<\/p>\n<\/td>\n<td class=\"sc-27ebc524-0 ca-dqbf sc-62876dae-1 iHRbEb\">\n<p class=\"sc-d571b66f-0 htKvVi\">Uhrzeit\/Datum, Herzfrequenzzonen, Schlafdauer, Geschwindigkeit\/ max, Schritte, Kalorienverbrauch, Geschwindigkeit\/ Runde\/ Pace, Distanz, Stresslevel, Erholungszeit<\/p>\n<\/td>\n<\/tr>\n<tr class=\"sc-cda3276b-0 iNKSCY\">\n<td class=\"sc-27ebc524-0 iIdXkJ\">\n<p class=\"sc-d571b66f-0 loPDEU\">Kalender\/ Terminplaner-Funktion<\/p>\n<\/td>\n<td class=\"sc-27ebc524-0 ca-dqbf sc-62876dae-1 iHRbEb\">\n<p class=\"sc-d571b66f-0 htKvVi\">Ja<\/p>\n<\/td>\n<\/tr>\n<\/tbody>\n<\/table>\n<table class=\"sc-4fa5c86b-0 ghZSzg\">\n<thead class=\"sc-4d4fd441-0 fAxnSG\">\n<tr class=\"sc-cda3276b-0 iNKSCY\">\n<th class=\"sc-27ebc524-0 Lhmuk\" colspan=\"2\">\n<p class=\"sc-d571b66f-0 fzjFGK\">Ausstattung<\/p>\n<\/th>\n<\/tr>\n<\/thead>\n<tbody class=\"sc-18c0a0ab-0 hjSrbh\">\n<tr class=\"sc-cda3276b-0 iNKSCY\">\n<td class=\"sc-27ebc524-0 iIdXkJ\">\n<p class=\"sc-d571b66f-0 loPDEU\">Herzfrequenzsensor<\/p>\n<\/td>\n<td class=\"sc-27ebc524-0 ca-dqbf sc-62876dae-1 iHRbEb\">\n<p class=\"sc-d571b66f-0 htKvVi\">am Handgelenk<\/p>\n<\/td>\n<\/tr>\n<tr class=\"sc-cda3276b-0 iNKSCY\">\n<td class=\"sc-27ebc524-0 iIdXkJ\">\n<p class=\"sc-d571b66f-0 loPDEU\">Satelitennavigationssystem<\/p>\n<\/td>\n<td class=\"sc-27ebc524-0 ca-dqbf sc-62876dae-1 iHRbEb\">\n<p class=\"sc-d571b66f-0 htKvVi\">GPS<\/p>\n<\/td>\n<\/tr>\n<tr class=\"sc-cda3276b-0 iNKSCY\">\n<td class=\"sc-27ebc524-0 iIdXkJ\">\n<p class=\"sc-d571b66f-0 loPDEU\">Sportarten<\/p>\n<\/td>\n<td class=\"sc-27ebc524-0 ca-dqbf sc-62876dae-1 iHRbEb\">\n<p class=\"sc-d571b66f-0 htKvVi\">Fitness, Laufen, Radfahren, Schwimmen<\/p>\n<\/td>\n<\/tr>\n<tr class=\"sc-cda3276b-0 iNKSCY\">\n<td class=\"sc-27ebc524-0 iIdXkJ\">\n<p class=\"sc-d571b66f-0 loPDEU\">Kompatibel mit Apps<\/p>\n<\/td>\n<td class=\"sc-27ebc524-0 ca-dqbf sc-62876dae-1 iHRbEb\">\n<p class=\"sc-d571b66f-0 htKvVi\">CONNECT IQ<\/p>\n<\/td>\n<\/tr>\n<tr class=\"sc-cda3276b-0 iNKSCY\">\n<td class=\"sc-27ebc524-0 iIdXkJ\">\n<p class=\"sc-d571b66f-0 loPDEU\">integriertes GPS-Modul<\/p>\n<\/td>\n<td class=\"sc-27ebc524-0 ca-dqbf sc-62876dae-1 iHRbEb\">\n<p class=\"sc-d571b66f-0 htKvVi\">Ja<\/p>\n<\/td>\n<\/tr>\n<tr id=\"pdp-features-last-always-visible\" class=\"sc-cda3276b-0 iNKSCY\">\n<td class=\"sc-27ebc524-0 iIdXkJ\">\n<p class=\"sc-d571b66f-0 loPDEU\">Eingebaute Musikwiedergabe<\/p>\n<\/td>\n<td class=\"sc-27ebc524-0 ca-dqbf sc-62876dae-1 iHRbEb\">\n<p class=\"sc-d571b66f-0 htKvVi\">Ja<\/p>\n<\/td>\n<\/tr>\n<tr class=\"sc-cda3276b-0 iNKSCY\">\n<td class=\"sc-27ebc524-0 iIdXkJ\">\n<p class=\"sc-d571b66f-0 loPDEU\">Integrierte Kamera<\/p>\n<\/td>\n<td class=\"sc-27ebc524-0 ca-dqbf sc-62876dae-1 iHRbEb\">\n<p class=\"sc-d571b66f-0 htKvVi\">Nein<\/p>\n<\/td>\n<\/tr>\n<tr class=\"sc-cda3276b-0 iNKSCY\">\n<td class=\"sc-27ebc524-0 iIdXkJ\">\n<p class=\"sc-d571b66f-0 loPDEU\">Armband austauschbar<\/p>\n<\/td>\n<td class=\"sc-27ebc524-0 ca-dqbf sc-62876dae-1 iHRbEb\">\n<p class=\"sc-d571b66f-0 htKvVi\">Ja<\/p>\n<\/td>\n<\/tr>\n<tr class=\"sc-cda3276b-0 iNKSCY\">\n<td class=\"sc-27ebc524-0 iIdXkJ\">\n<p class=\"sc-d571b66f-0 loPDEU\">Schutzart<\/p>\n<\/td>\n<td class=\"sc-27ebc524-0 ca-dqbf sc-62876dae-1 iHRbEb\">\n<p class=\"sc-d571b66f-0 htKvVi\">5 ATM<\/p>\n<\/td>\n<\/tr>\n<tr class=\"sc-cda3276b-0 iNKSCY\">\n<td class=\"sc-27ebc524-0 iIdXkJ\">\n<p class=\"sc-d571b66f-0 loPDEU\">Wasserfest<\/p>\n<\/td>\n<td class=\"sc-27ebc524-0 ca-dqbf sc-62876dae-1 iHRbEb\">\n<p class=\"sc-d571b66f-0 htKvVi\">Ja<\/p>\n<\/td>\n<\/tr>\n<tr class=\"sc-cda3276b-0 iNKSCY\">\n<td class=\"sc-27ebc524-0 iIdXkJ\">\n<p class=\"sc-d571b66f-0 loPDEU\">Zus\u00e4tzliche Funktionen<\/p>\n<\/td>\n<td class=\"sc-27ebc524-0 ca-dqbf sc-62876dae-1 iHRbEb\">\n<p class=\"sc-d571b66f-0 htKvVi\">Zeiten f\u00fcr Sonnenaufgang und Untergang, Stoppuhr, Body-Battery Energiemonitor, Schlaf\u00fcberwachung, Frauengesundheitstracking, Fl\u00fcssigkeitsaufnahme, Telefonsuchfunktion, Musik Funktion, Smart Notifications, Live Eventfreigabe (nur Android), Livetrack, Jagd- und Angelkalender, Toe-To-Toe Challenges (Ja optionale Connect IQ-App) uvm.<\/p>\n<\/td>\n<\/tr>\n<\/tbody>\n<\/table>\n<\/div>\n<div id=\":rp:\">\n<table class=\"sc-4fa5c86b-0 ghZSzg\">\n<thead class=\"sc-4d4fd441-0 fAxnSG\">\n<tr class=\"sc-cda3276b-0 iNKSCY\">\n<th class=\"sc-27ebc524-0 Lhmuk\" colspan=\"2\">\n<p class=\"sc-d571b66f-0 fzjFGK\">Energieversorgung<\/p>\n<\/th>\n<\/tr>\n<\/thead>\n<tbody class=\"sc-18c0a0ab-0 hjSrbh\">\n<tr class=\"sc-cda3276b-0 iNKSCY\">\n<td class=\"sc-27ebc524-0 iIdXkJ\">\n<p class=\"sc-d571b66f-0 loPDEU\">Batterie-\/ Akkutyp<\/p>\n<\/td>\n<td class=\"sc-27ebc524-0 ca-dqbf sc-62876dae-1 iHRbEb\">\n<p class=\"sc-d571b66f-0 htKvVi\">Lithium-Ionen<\/p>\n<\/td>\n<\/tr>\n<tr class=\"sc-cda3276b-0 iNKSCY\">\n<td class=\"sc-27ebc524-0 iIdXkJ\">\n<p class=\"sc-d571b66f-0 loPDEU\">Betriebsart<\/p>\n<\/td>\n<td class=\"sc-27ebc524-0 ca-dqbf sc-62876dae-1 iHRbEb\">\n<p class=\"sc-d571b66f-0 htKvVi\">Akkubetrieb<\/p>\n<\/td>\n<\/tr>\n<tr class=\"sc-cda3276b-0 iNKSCY\">\n<td class=\"sc-27ebc524-0 iIdXkJ\">\n<p class=\"sc-d571b66f-0 loPDEU\">Akku-Laufzeit<\/p>\n<\/td>\n<td class=\"sc-27ebc524-0 ca-dqbf sc-62876dae-1 iHRbEb\">\n<p class=\"sc-d571b66f-0 htKvVi\">Smartwatch-Modus: Bis zu 2 Wochen. GPS-Modus: Bis zu 20 Stunden<\/p>\n<\/td>\n<\/tr>\n<\/tbody>\n<\/table>\n<table class=\"sc-4fa5c86b-0 ghZSzg\">\n<thead class=\"sc-4d4fd441-0 fAxnSG\">\n<tr class=\"sc-cda3276b-0 iNKSCY\">\n<th class=\"sc-27ebc524-0 Lhmuk\" colspan=\"2\">\n<p class=\"sc-d571b66f-0 fzjFGK\">Allgemeine Merkmale<\/p>\n<\/th>\n<\/tr>\n<\/thead>\n<tbody class=\"sc-18c0a0ab-0 hjSrbh\">\n<tr class=\"sc-cda3276b-0 iNKSCY\">\n<td class=\"sc-27ebc524-0 iIdXkJ\">\n<p class=\"sc-d571b66f-0 loPDEU\">Armbandmaterial<\/p>\n<\/td>\n<td class=\"sc-27ebc524-0 ca-dqbf sc-62876dae-1 iHRbEb\">\n<p class=\"sc-d571b66f-0 htKvVi\">Silikon<\/p>\n<\/td>\n<\/tr>\n<tr class=\"sc-cda3276b-0 iNKSCY\">\n<td class=\"sc-27ebc524-0 iIdXkJ\">\n<p class=\"sc-d571b66f-0 loPDEU\">Armbandgr\u00f6\u00dfe<\/p>\n<\/td>\n<td class=\"sc-27ebc524-0 ca-dqbf sc-62876dae-1 iHRbEb\">\n<p class=\"sc-d571b66f-0 htKvVi\">20 mm<\/p>\n<\/td>\n<\/tr>\n<tr class=\"sc-cda3276b-0 iNKSCY\">\n<td class=\"sc-27ebc524-0 iIdXkJ\">\n<p class=\"sc-d571b66f-0 loPDEU\">Breite<\/p>\n<\/td>\n<td class=\"sc-27ebc524-0 ca-dqbf sc-62876dae-1 iHRbEb\">\n<p class=\"sc-d571b66f-0 htKvVi\">42 mm<\/p>\n<\/td>\n<\/tr>\n<tr class=\"sc-cda3276b-0 iNKSCY\">\n<td class=\"sc-27ebc524-0 iIdXkJ\">\n<p class=\"sc-d571b66f-0 loPDEU\">H\u00f6he<\/p>\n<\/td>\n<td class=\"sc-27ebc524-0 ca-dqbf sc-62876dae-1 iHRbEb\">\n<p class=\"sc-d571b66f-0 htKvVi\">11 mm<\/p>\n<\/td>\n<\/tr>\n<tr class=\"sc-cda3276b-0 iNKSCY\">\n<td class=\"sc-27ebc524-0 iIdXkJ\">\n<p class=\"sc-d571b66f-0 loPDEU\">Tiefe<\/p>\n<\/td>\n<td class=\"sc-27ebc524-0 ca-dqbf sc-62876dae-1 iHRbEb\">\n<p class=\"sc-d571b66f-0 htKvVi\">42 mm<\/p>\n<\/td>\n<\/tr>\n<tr class=\"sc-cda3276b-0 iNKSCY\">\n<td class=\"sc-27ebc524-0 iIdXkJ\">\n<p class=\"sc-d571b66f-0 loPDEU\">Gewicht (laut Hersteller)<\/p>\n<\/td>\n<td class=\"sc-27ebc524-0 ca-dqbf sc-62876dae-1 iHRbEb\">\n<p class=\"sc-d571b66f-0 htKvVi\">37 g<\/p>\n<\/td>\n<\/tr>\n<tr class=\"sc-cda3276b-0 iNKSCY\">\n<td class=\"sc-27ebc524-0 iIdXkJ\">\n<p class=\"sc-d571b66f-0 loPDEU\">Gewicht<\/p>\n<\/td>\n<td class=\"sc-27ebc524-0 ca-dqbf sc-62876dae-1 iHRbEb\">\n<p class=\"sc-d571b66f-0 htKvVi\">37 g<\/p>\n<\/td>\n<\/tr>\n<tr class=\"sc-cda3276b-0 iNKSCY\">\n<td class=\"sc-27ebc524-0 iIdXkJ\">\n<p class=\"sc-d571b66f-0 loPDEU\">Farbe (laut Hersteller)<\/p>\n<\/td>\n<td class=\"sc-27ebc524-0 ca-dqbf sc-62876dae-1 iHRbEb\">\n<p class=\"sc-d571b66f-0 htKvVi\">Schwarz<\/p>\n<\/td>\n<\/tr>\n<tr class=\"sc-cda3276b-0 iNKSCY\">\n<td class=\"sc-27ebc524-0 iIdXkJ\">\n<p class=\"sc-d571b66f-0 loPDEU\">L\u00fcnetten Farbe<\/p>\n<\/td>\n<td class=\"sc-27ebc524-0 ca-dqbf sc-62876dae-1 iHRbEb\">\n<p class=\"sc-d571b66f-0 htKvVi\">Schwarz<\/p>\n<\/td>\n<\/tr>\n<tr class=\"sc-cda3276b-0 iNKSCY\">\n<td class=\"sc-27ebc524-0 iIdXkJ\">\n<p class=\"sc-d571b66f-0 loPDEU\">Lieferumfang<\/p>\n<\/td>\n<td class=\"sc-27ebc524-0 ca-dqbf sc-62876dae-1 iHRbEb\">\n<p class=\"sc-d571b66f-0 htKvVi\">Forerunner 55, USB Lade-\/Sync-Kabel, Dokumentation<\/p>\n<\/td>\n<\/tr>\n<tr class=\"sc-cda3276b-0 iNKSCY\">\n<td class=\"sc-27ebc524-0 iIdXkJ\">\n<p class=\"sc-d571b66f-0 loPDEU\">Garantiehinweis<\/p>\n<\/td>\n<td class=\"sc-27ebc524-0 ca-dqbf sc-62876dae-1 iHRbEb\">\n<p class=\"sc-d571b66f-0 htKvVi\"><a class=\"sc-2dbb82aa-0 hKslZA\" href=\"https:\/\/www.garmin.com\/de-AT\/legal\/consumer-limited-warranty\/\" target=\"_blank\" rel=\"noopener noreferrer\" data-test=\"mms-anchor-link\"><span class=\"sc-d571b66f-0 htKvVi sc-18c2b2b7-0 dXLlgz\">https:\/\/www.garmin.com\/de-AT\/legal\/consumer-limited-warranty\/<\/span><\/a><\/p>\n<\/td>\n<\/tr>\n<tr class=\"sc-cda3276b-0 iNKSCY\">\n<td class=\"sc-27ebc524-0 iIdXkJ\">\n<p class=\"sc-d571b66f-0 loPDEU\">Herstellergarantie<\/p>\n<\/td>\n<td class=\"sc-27ebc524-0 ca-dqbf sc-62876dae-1 iHRbEb\">\n<p class=\"sc-d571b66f-0 htKvVi\">12 Monate<\/p>\n<\/td>\n<\/tr>\n<\/tbody>\n<\/table>\n<\/div>\n","protected":false},"excerpt":{"rendered":"<p>Produkttyp Smartwatch Kompatible Betriebssysteme Android, iOS Bluetooth Ja Anzeige\/Steuerung Display Chemisch verst\u00e4rktes Glas Touchscreen Ja Farbdisplay Ja Bildschirmdiagonale (cm) 2.63 cm Bildschirmdiagonale (Zoll) 1.04 Zoll Aufl\u00f6sung Breite 208 Pixel Aufl\u00f6sung H\u00f6he 208 Pixel Bedienung \u00fcber Musiksteuerung, Sprachsteuerung, Telefonfunktion, Touch Benachrichtigung \u00fcber Kalender, Anrufe, App Aufzeichnungen und Anzeige von Uhrzeit\/Datum, Herzfrequenzzonen, Schlafdauer, Geschwindigkeit\/ max, Schritte, Kalorienverbrauch, [&hellip;]<\/p>\n","protected":false},"featured_media":419,"template":"","meta":[],"product_cat":[],"product_tag":[],"class_list":{"0":"post-357","1":"product","2":"type-product","3":"status-publish","4":"has-post-thumbnail","7":"first","8":"instock","9":"taxable","10":"shipping-taxable","11":"purchasable","12":"product-type-simple"},"_links":{"self":[{"href":"https:\/\/actionmall.act.at\/shop\/1271\/wp-json\/wp\/v2\/product\/357"}],"collection":[{"href":"https:\/\/actionmall.act.at\/shop\/1271\/wp-json\/wp\/v2\/product"}],"about":[{"href":"https:\/\/actionmall.act.at\/shop\/1271\/wp-json\/wp\/v2\/types\/product"}],"wp:featuredmedia":[{"embeddable":true,"href":"https:\/\/actionmall.act.at\/shop\/1271\/wp-json\/wp\/v2\/media\/419"}],"wp:attachment":[{"href":"https:\/\/actionmall.act.at\/shop\/1271\/wp-json\/wp\/v2\/media?parent=357"}],"wp:term":[{"taxonomy":"product_cat","embeddable":true,"href":"https:\/\/actionmall.act.at\/shop\/1271\/wp-json\/wp\/v2\/product_cat?post=357"},{"taxonomy":"product_tag","embeddable":true,"href":"https:\/\/actionmall.act.at\/shop\/1271\/wp-json\/wp\/v2\/product_tag?post=357"}],"curies":[{"name":"wp","href":"https:\/\/api.w.org\/{rel}","templated":true}]}}