{"id":445,"date":"2025-12-09T09:24:57","date_gmt":"2025-12-09T08:24:57","guid":{"rendered":"https:\/\/actionmall.act.at\/shop\/1271\/?post_type=product&#038;p=445"},"modified":"2025-12-09T09:24:57","modified_gmt":"2025-12-09T08:24:57","slug":"gopro-hero-13-black","status":"publish","type":"product","link":"https:\/\/actionmall.act.at\/shop\/1271\/produkt\/gopro-hero-13-black\/","title":{"rendered":"GoPro Hero 13 Black"},"content":{"rendered":"<p>Eine robuste Action-Kamera mit hochaufl\u00f6sender Videoaufnahme und Bildstabilisierung.<br data-start=\"988\" data-end=\"991\" \/>Perfekt f\u00fcr Sport, Outdoor-Abenteuer und Vlogging in Top-Qualit\u00e4t.<\/p>\n","protected":false},"excerpt":{"rendered":"<p>Eine robuste Action-Kamera mit hochaufl\u00f6sender Videoaufnahme und Bildstabilisierung.Perfekt f\u00fcr Sport, Outdoor-Abenteuer und Vlogging in Top-Qualit\u00e4t.<\/p>\n","protected":false},"featured_media":399,"template":"","meta":[],"product_cat":[],"product_tag":[],"class_list":{"0":"post-445","1":"product","2":"type-product","3":"status-publish","4":"has-post-thumbnail","7":"first","8":"instock","9":"taxable","10":"shipping-taxable","11":"purchasable","12":"product-type-simple"},"_links":{"self":[{"href":"https:\/\/actionmall.act.at\/shop\/1271\/wp-json\/wp\/v2\/product\/445"}],"collection":[{"href":"https:\/\/actionmall.act.at\/shop\/1271\/wp-json\/wp\/v2\/product"}],"about":[{"href":"https:\/\/actionmall.act.at\/shop\/1271\/wp-json\/wp\/v2\/types\/product"}],"wp:featuredmedia":[{"embeddable":true,"href":"https:\/\/actionmall.act.at\/shop\/1271\/wp-json\/wp\/v2\/media\/399"}],"wp:attachment":[{"href":"https:\/\/actionmall.act.at\/shop\/1271\/wp-json\/wp\/v2\/media?parent=445"}],"wp:term":[{"taxonomy":"product_cat","embeddable":true,"href":"https:\/\/actionmall.act.at\/shop\/1271\/wp-json\/wp\/v2\/product_cat?post=445"},{"taxonomy":"product_tag","embeddable":true,"href":"https:\/\/actionmall.act.at\/shop\/1271\/wp-json\/wp\/v2\/product_tag?post=445"}],"curies":[{"name":"wp","href":"https:\/\/api.w.org\/{rel}","templated":true}]}}