{"id":447,"date":"2025-12-09T09:28:58","date_gmt":"2025-12-09T08:28:58","guid":{"rendered":"https:\/\/actionmall.act.at\/shop\/1271\/?post_type=product&#038;p=447"},"modified":"2025-12-09T09:28:58","modified_gmt":"2025-12-09T08:28:58","slug":"jbl-charge-essential-2-bluetooth-lautsprecher","status":"publish","type":"product","link":"https:\/\/actionmall.act.at\/shop\/1271\/produkt\/jbl-charge-essential-2-bluetooth-lautsprecher\/","title":{"rendered":"JBL Charge Essential 2 Bluetooth-Lautsprecher"},"content":{"rendered":"<p>Kompakter Lautsprecher mit starkem Sound und kr\u00e4ftigem Bass f\u00fcr unterwegs.<br data-start=\"1383\" data-end=\"1386\" \/>Lange Akkulaufzeit macht ihn ideal f\u00fcr Partys, Ausfl\u00fcge und Reisen.<\/p>\n","protected":false},"excerpt":{"rendered":"<p>Kompakter Lautsprecher mit starkem Sound und kr\u00e4ftigem Bass f\u00fcr unterwegs.Lange Akkulaufzeit macht ihn ideal f\u00fcr Partys, Ausfl\u00fcge und Reisen.<\/p>\n","protected":false},"featured_media":403,"template":"","meta":[],"product_cat":[],"product_tag":[],"class_list":{"0":"post-447","1":"product","2":"type-product","3":"status-publish","4":"has-post-thumbnail","7":"first","8":"instock","9":"taxable","10":"shipping-taxable","11":"purchasable","12":"product-type-simple"},"_links":{"self":[{"href":"https:\/\/actionmall.act.at\/shop\/1271\/wp-json\/wp\/v2\/product\/447"}],"collection":[{"href":"https:\/\/actionmall.act.at\/shop\/1271\/wp-json\/wp\/v2\/product"}],"about":[{"href":"https:\/\/actionmall.act.at\/shop\/1271\/wp-json\/wp\/v2\/types\/product"}],"wp:featuredmedia":[{"embeddable":true,"href":"https:\/\/actionmall.act.at\/shop\/1271\/wp-json\/wp\/v2\/media\/403"}],"wp:attachment":[{"href":"https:\/\/actionmall.act.at\/shop\/1271\/wp-json\/wp\/v2\/media?parent=447"}],"wp:term":[{"taxonomy":"product_cat","embeddable":true,"href":"https:\/\/actionmall.act.at\/shop\/1271\/wp-json\/wp\/v2\/product_cat?post=447"},{"taxonomy":"product_tag","embeddable":true,"href":"https:\/\/actionmall.act.at\/shop\/1271\/wp-json\/wp\/v2\/product_tag?post=447"}],"curies":[{"name":"wp","href":"https:\/\/api.w.org\/{rel}","templated":true}]}}