{"id":452,"date":"2025-12-09T09:37:49","date_gmt":"2025-12-09T08:37:49","guid":{"rendered":"https:\/\/actionmall.act.at\/shop\/1271\/?post_type=product&#038;p=452"},"modified":"2025-12-16T10:00:30","modified_gmt":"2025-12-16T09:00:30","slug":"apple-airpods-pro","status":"publish","type":"product","link":"https:\/\/actionmall.act.at\/shop\/1271\/produkt\/apple-airpods-pro\/","title":{"rendered":"Apple AirPods Pro"},"content":{"rendered":"<p>In-Ear-Kopfh\u00f6rer mit aktiver Ger\u00e4uschunterdr\u00fcckung und klarem Klang.<br data-start=\"2046\" data-end=\"2049\" \/>Perfekt f\u00fcr Alltag, Sport und ruhiges H\u00f6ren unterwegs.<\/p>\n","protected":false},"excerpt":{"rendered":"<p>In-Ear-Kopfh\u00f6rer mit aktiver Ger\u00e4uschunterdr\u00fcckung und klarem Klang.Perfekt f\u00fcr Alltag, Sport und ruhiges H\u00f6ren unterwegs.<\/p>\n","protected":false},"featured_media":406,"template":"","meta":[],"product_cat":[],"product_tag":[],"class_list":{"0":"post-452","1":"product","2":"type-product","3":"status-publish","4":"has-post-thumbnail","7":"first","8":"instock","9":"taxable","10":"shipping-taxable","11":"purchasable","12":"product-type-simple"},"_links":{"self":[{"href":"https:\/\/actionmall.act.at\/shop\/1271\/wp-json\/wp\/v2\/product\/452"}],"collection":[{"href":"https:\/\/actionmall.act.at\/shop\/1271\/wp-json\/wp\/v2\/product"}],"about":[{"href":"https:\/\/actionmall.act.at\/shop\/1271\/wp-json\/wp\/v2\/types\/product"}],"wp:featuredmedia":[{"embeddable":true,"href":"https:\/\/actionmall.act.at\/shop\/1271\/wp-json\/wp\/v2\/media\/406"}],"wp:attachment":[{"href":"https:\/\/actionmall.act.at\/shop\/1271\/wp-json\/wp\/v2\/media?parent=452"}],"wp:term":[{"taxonomy":"product_cat","embeddable":true,"href":"https:\/\/actionmall.act.at\/shop\/1271\/wp-json\/wp\/v2\/product_cat?post=452"},{"taxonomy":"product_tag","embeddable":true,"href":"https:\/\/actionmall.act.at\/shop\/1271\/wp-json\/wp\/v2\/product_tag?post=452"}],"curies":[{"name":"wp","href":"https:\/\/api.w.org\/{rel}","templated":true}]}}