{"id":454,"date":"2025-12-09T09:46:22","date_gmt":"2025-12-09T08:46:22","guid":{"rendered":"https:\/\/actionmall.act.at\/shop\/1271\/?post_type=product&#038;p=454"},"modified":"2025-12-09T09:46:22","modified_gmt":"2025-12-09T08:46:22","slug":"samsung-galaxy-note-10","status":"publish","type":"product","link":"https:\/\/actionmall.act.at\/shop\/1271\/produkt\/samsung-galaxy-note-10\/","title":{"rendered":"Samsung Galaxy Note 10"},"content":{"rendered":"<p>Ein Premium-Smartphone mit gro\u00dfem Display und S-Pen f\u00fcr produktives Arbeiten.<br data-start=\"2604\" data-end=\"2607\" \/>Ideal f\u00fcr Kreativit\u00e4t, Multitasking und pr\u00e4zise Eingaben.<\/p>\n","protected":false},"excerpt":{"rendered":"<p>Ein Premium-Smartphone mit gro\u00dfem Display und S-Pen f\u00fcr produktives Arbeiten.Ideal f\u00fcr Kreativit\u00e4t, Multitasking und pr\u00e4zise Eingaben.<\/p>\n","protected":false},"featured_media":410,"template":"","meta":[],"product_cat":[],"product_tag":[],"class_list":{"0":"post-454","1":"product","2":"type-product","3":"status-publish","4":"has-post-thumbnail","7":"first","8":"instock","9":"taxable","10":"shipping-taxable","11":"purchasable","12":"product-type-simple"},"_links":{"self":[{"href":"https:\/\/actionmall.act.at\/shop\/1271\/wp-json\/wp\/v2\/product\/454"}],"collection":[{"href":"https:\/\/actionmall.act.at\/shop\/1271\/wp-json\/wp\/v2\/product"}],"about":[{"href":"https:\/\/actionmall.act.at\/shop\/1271\/wp-json\/wp\/v2\/types\/product"}],"wp:featuredmedia":[{"embeddable":true,"href":"https:\/\/actionmall.act.at\/shop\/1271\/wp-json\/wp\/v2\/media\/410"}],"wp:attachment":[{"href":"https:\/\/actionmall.act.at\/shop\/1271\/wp-json\/wp\/v2\/media?parent=454"}],"wp:term":[{"taxonomy":"product_cat","embeddable":true,"href":"https:\/\/actionmall.act.at\/shop\/1271\/wp-json\/wp\/v2\/product_cat?post=454"},{"taxonomy":"product_tag","embeddable":true,"href":"https:\/\/actionmall.act.at\/shop\/1271\/wp-json\/wp\/v2\/product_tag?post=454"}],"curies":[{"name":"wp","href":"https:\/\/api.w.org\/{rel}","templated":true}]}}