{"id":498,"date":"2025-12-16T08:30:14","date_gmt":"2025-12-16T07:30:14","guid":{"rendered":"https:\/\/actionmall.act.at\/shop\/1271\/?post_type=product&#038;p=498"},"modified":"2025-12-16T08:30:14","modified_gmt":"2025-12-16T07:30:14","slug":"logitech-slim-folio-2","status":"publish","type":"product","link":"https:\/\/actionmall.act.at\/shop\/1271\/produkt\/logitech-slim-folio-2\/","title":{"rendered":"LOGITECH Slim Folio"},"content":{"rendered":"<p>Das LOGITECH Slim Folio ist eine schlanke Tastaturh\u00fclle, die dein Tablet zuverl\u00e4ssig sch\u00fctzt und gleichzeitig komfortables Tippen erm\u00f6glicht. Die integrierte Bluetooth-Tastatur bietet ein angenehmes Tippgef\u00fchl, w\u00e4hrend das robuste Design vor St\u00f6\u00dfen und Kratzern sch\u00fctzt. Mehrere Aufstellwinkel sorgen f\u00fcr Flexibilit\u00e4t beim Arbeiten, Lesen oder Surfen \u2013 ideal f\u00fcr unterwegs und den Alltag.<\/p>\n","protected":false},"excerpt":{"rendered":"<p>Das LOGITECH Slim Folio ist eine schlanke Tastaturh\u00fclle, die dein Tablet zuverl\u00e4ssig sch\u00fctzt und gleichzeitig komfortables Tippen erm\u00f6glicht. Die integrierte Bluetooth-Tastatur bietet ein angenehmes Tippgef\u00fchl, w\u00e4hrend das robuste Design vor St\u00f6\u00dfen und Kratzern sch\u00fctzt. Mehrere Aufstellwinkel sorgen f\u00fcr Flexibilit\u00e4t beim Arbeiten, Lesen oder Surfen \u2013 ideal f\u00fcr unterwegs und den Alltag.<\/p>\n","protected":false},"featured_media":488,"template":"","meta":[],"product_cat":[],"product_tag":[],"class_list":{"0":"post-498","1":"product","2":"type-product","3":"status-publish","4":"has-post-thumbnail","7":"first","8":"instock","9":"taxable","10":"shipping-taxable","11":"purchasable","12":"product-type-simple"},"_links":{"self":[{"href":"https:\/\/actionmall.act.at\/shop\/1271\/wp-json\/wp\/v2\/product\/498"}],"collection":[{"href":"https:\/\/actionmall.act.at\/shop\/1271\/wp-json\/wp\/v2\/product"}],"about":[{"href":"https:\/\/actionmall.act.at\/shop\/1271\/wp-json\/wp\/v2\/types\/product"}],"wp:featuredmedia":[{"embeddable":true,"href":"https:\/\/actionmall.act.at\/shop\/1271\/wp-json\/wp\/v2\/media\/488"}],"wp:attachment":[{"href":"https:\/\/actionmall.act.at\/shop\/1271\/wp-json\/wp\/v2\/media?parent=498"}],"wp:term":[{"taxonomy":"product_cat","embeddable":true,"href":"https:\/\/actionmall.act.at\/shop\/1271\/wp-json\/wp\/v2\/product_cat?post=498"},{"taxonomy":"product_tag","embeddable":true,"href":"https:\/\/actionmall.act.at\/shop\/1271\/wp-json\/wp\/v2\/product_tag?post=498"}],"curies":[{"name":"wp","href":"https:\/\/api.w.org\/{rel}","templated":true}]}}