{"id":527,"date":"2026-01-27T10:05:43","date_gmt":"2026-01-27T09:05:43","guid":{"rendered":"https:\/\/actionmall.act.at\/shop\/1271\/en\/?post_type=product&#038;p=527"},"modified":"2026-03-24T09:52:21","modified_gmt":"2026-03-24T08:52:21","slug":"play-station-5-controller","status":"publish","type":"product","link":"https:\/\/actionmall.act.at\/shop\/1271\/produkt\/play-station-5-controller\/","title":{"rendered":"SONY Dual Sense\u00ae"},"content":{"rendered":"<p data-start=\"62\" data-end=\"284\">Der <strong data-start=\"66\" data-end=\"113\">SONY DualSense\u00ae Wireless-Controller in Wei\u00df<\/strong> bietet ein immersives Gaming-Erlebnis auf PS5, PC, Mac und mobilen Ger\u00e4ten. Dank <strong data-start=\"195\" data-end=\"218\">haptischem Feedback<\/strong> und <strong data-start=\"223\" data-end=\"245\">adaptiven Triggern<\/strong> sp\u00fcrst du jede Aktion direkt im Spiel.<\/p>\n<p data-start=\"286\" data-end=\"481\">Der Controller \u00fcberzeugt mit <strong data-start=\"315\" data-end=\"350\">kabelloser Bluetooth-Verbindung<\/strong>, <strong data-start=\"352\" data-end=\"381\">integriertem Akku (USB-C)<\/strong>, <strong data-start=\"383\" data-end=\"395\">Touchpad<\/strong>, <strong data-start=\"397\" data-end=\"416\">Bewegungssensor<\/strong> sowie einem <strong data-start=\"429\" data-end=\"453\">eingebauten Mikrofon<\/strong> f\u00fcr schnelle Kommunikation.<\/p>\n","protected":false},"excerpt":{"rendered":"<p>Der SONY DualSense\u00ae Wireless-Controller in Wei\u00df bietet ein immersives Gaming-Erlebnis auf PS5, PC, Mac und mobilen Ger\u00e4ten. Dank haptischem Feedback und adaptiven Triggern sp\u00fcrst du jede Aktion direkt im Spiel. Der Controller \u00fcberzeugt mit kabelloser Bluetooth-Verbindung, integriertem Akku (USB-C), Touchpad, Bewegungssensor sowie einem eingebauten Mikrofon f\u00fcr schnelle Kommunikation.<\/p>\n","protected":false},"featured_media":565,"template":"","meta":[],"product_cat":[34],"product_tag":[],"class_list":{"0":"post-527","1":"product","2":"type-product","3":"status-publish","4":"has-post-thumbnail","6":"product_cat-autos-und-fahrzeuge","8":"first","9":"instock","10":"taxable","11":"shipping-taxable","12":"purchasable","13":"product-type-simple"},"_links":{"self":[{"href":"https:\/\/actionmall.act.at\/shop\/1271\/wp-json\/wp\/v2\/product\/527"}],"collection":[{"href":"https:\/\/actionmall.act.at\/shop\/1271\/wp-json\/wp\/v2\/product"}],"about":[{"href":"https:\/\/actionmall.act.at\/shop\/1271\/wp-json\/wp\/v2\/types\/product"}],"wp:featuredmedia":[{"embeddable":true,"href":"https:\/\/actionmall.act.at\/shop\/1271\/wp-json\/wp\/v2\/media\/565"}],"wp:attachment":[{"href":"https:\/\/actionmall.act.at\/shop\/1271\/wp-json\/wp\/v2\/media?parent=527"}],"wp:term":[{"taxonomy":"product_cat","embeddable":true,"href":"https:\/\/actionmall.act.at\/shop\/1271\/wp-json\/wp\/v2\/product_cat?post=527"},{"taxonomy":"product_tag","embeddable":true,"href":"https:\/\/actionmall.act.at\/shop\/1271\/wp-json\/wp\/v2\/product_tag?post=527"}],"curies":[{"name":"wp","href":"https:\/\/api.w.org\/{rel}","templated":true}]}}